{"id":2387,"date":"2022-02-28T11:05:38","date_gmt":"2022-02-28T09:05:38","guid":{"rendered":"https:\/\/welstat.com\/avis-legal\/"},"modified":"2022-02-28T11:05:39","modified_gmt":"2022-02-28T09:05:39","slug":"avis-legal","status":"publish","type":"page","link":"https:\/\/welstat.com\/ca\/avis-legal\/","title":{"rendered":"Av\u00eds legal"},"content":{"rendered":"\n<h1>Av\u00eds legal<\/h1>\n\n<p><strong>LLEI DELS SERVEIS DE LA SOCIETAT DE LA INFORMACI\u00d3 (LSSI)<\/strong><\/p>\n\n<p><strong>PLADUREX CARPETER\u00cdA, S.L.<\/strong>, responsable del lloc web, en endavant RESPONSABLE, posa a disposici\u00f3 dels usuaris el present document, amb el qual pret\u00e8n donar compliment a les obligacions disposades a la llei 34\/2002, d&#8217;11 de Juliol, de Serveis de la Societat de la Informaci\u00f3 i del Comer\u00e7 Electr\u00f2nic (LSSICE), aix\u00ed com infromar a tots els usuaris del lloc web respecte a quines s\u00f3n les condicions d&#8217;utilitzaci\u00f3 del mateix.<\/p>\n\n<p>Tota persona que accedeixi a aquest lloc web assumeix el paper d&#8217;usuari, comprometent-se a la observan\u00e7a i compliment rigor\u00f3s de les disposicions aqu\u00ed disposades, aix\u00ed com a qualsevol altra disposici\u00f3 legal que f\u00f3s d&#8217;aplicaci\u00f3. <\/p>\n\n<p><strong>PLADUREX CARPETER\u00cdA, S.L.<\/strong> es reserva el dret de modificar qualsevol tipus d&#8217;informaci\u00f3 que pogu\u00e9s apar\u00e8ixer al lloc web, sense que existeixi obligaci\u00f3 de donar preav\u00eds o posar en coneixement dels usuaris d&#8217;aquestes obligacions, entenent-se com a suficient la publicaci\u00f3 al lloc web de <strong>PLADUREX CARPETER\u00cdA S.L.<\/strong><\/p>\n\n<p><strong>1. DADES IDENTIFICATIVES<\/strong><\/p>\n\n<p>Denominaci\u00f3 social: <strong>PLADUREX CARPETER\u00cdA, S.L.<\/strong><br\/>Nom comercial: <strong>PLADUREX\/WELSTAT<\/strong><\/p>\n\n<p>CIF: <strong>B63107627<\/strong><br\/>Domicili: <strong>c\/Remences 82, PI Vallveric, 08304 Matar\u00f3<\/strong><\/p>\n\n<p>e-mail: <strong>pladurex@pladurex.com<\/strong><\/p>\n\n<p><strong>2. OBJECTE<\/strong><\/p>\n\n<p>A trav\u00e9s del lloc web, oferim als Usuaris la possibilitat d&#8217;accedir a la informaci\u00f3 sobre els nostres serveis.<\/p>\n\n<p><strong>3. PRIVACITAT I TRACTAMENT DE DADES<\/strong><\/p>\n\n<p>Quan per a l&#8217;acc\u00e8s a determinats continguts o serveis sigui necessari facilitar dades de car\u00e0cter personal, els Usuaris garantitzaran la seva veracitat, exactitud, autenticitat i vig\u00e8ncia. L&#8217;empresa donar\u00e0 a aquestes dades el tractament automatitzat que correspongui en funci\u00f3 de la seva naturalesa o finalitat, en els termes indicats a la secci\u00f3 de Pol\u00edtica de Privacitat.<br\/><br\/><strong>4. PROPIETAT INDUSTRIAL I INTEL\u00b7LECTUAL<\/strong><\/p>\n\n<p>L&#8217;Usuari reconeix i accepta que tots els continguts que es mostren a l&#8217;Espai Web i, en especial, dissenys, text, imatges, logos, icones, botons, software, noms comercials, marques, o qualssevol altres signes susceptibles d&#8217;utilitzaci\u00f3 industrial i\/o comercial estan subjectes a drets de Propietat Intel\u00b7lectual i totes les maruqes, noms comercials o signes distintius, tots els drets de propietat industrial i intel\u00b7lectual, sobre els continguts i\/o qualssevol altres elements inserits a la p\u00e0gina, que son propietat exclusiva de l&#8217;empresa i\/o de tercers, els quals tenen el dret exclusiu d&#8217;utilitzar-los en el tr\u00e0fic econ\u00f2mic. Per tot aix\u00f2, l&#8217;Usuari es compromet a no reprodu\u00efr, copiar, distribu\u00efr, posar a distribuci\u00f3, o de qualssevol altra forma comunicar p\u00fablicament, transformar o modificar tals continguts mantenint indemne a l&#8217;empresa de qualssevol reclamaci\u00f3 que es derivi de l&#8217;incompliment de tals obligacions. En cap cas l&#8217;acc\u00e8s a l&#8217;Espai Web implica cap mena de ren\u00fancia, transmissi\u00f3, llic\u00e8ncia o cessi\u00f3 total ni parcial dels drets esmentats, llevat que s&#8217;estableixi expressament el contrari. Les presents Condicions Generals d&#8217;\u00das de l&#8217;Espai Web no confereixen als Usuaris cap altre dret d&#8217;utilitzaci\u00f3, <a href=\"https:\/\/presencialismo.com\/\" target=\"_blank\" rel=\"noreferrer noopener\">RH<\/a>, alteraci\u00f3, explotaci\u00f3, reproducci\u00f3, distribuci\u00f3 o comunicaci\u00f3 p\u00fablica de l&#8217;Espai Web i\/o dels seus Continguts diferents dels aqu\u00ed expressament previstos. Qualsevol altre \u00fas o explotaci\u00f3 de qualssevol drets estar\u00e0 subjecte a la pr\u00e8via i expressa autoritzaci\u00f3 espec\u00edficament atorgada a aquest efecte per l&#8217;empresa o el tercer titular dels drets afectats.<\/p>\n\n<p>Els continguts, textos, fotografies, dissenys, logotips, imatges, programes d&#8217;ordinador, codis font i, en general, qualsevol creaci\u00f3 intel\u00b7lectual existent en aquest Espai, aix\u00ed com el propi Espai en el seu conjunt, com a obra art\u00edstica multim\u00e8dia, estan protegits com a drets d&#8217;autor per la legislaci\u00f3 en mat\u00e8ria de propietat intel\u00b7lectual. L&#8217;empresa \u00e9s titular dels elements que integren el disseny gr\u00e0fic de l&#8217;Espai Web, el men\u00fas, botons de navegaci\u00f3, el codi HTML, els textos, imatges, textures, gr\u00e0fics i qualsevol altre contingut de l&#8217;Espai Web o, en qualsevol cas, disposa de la corresponent autoritzaci\u00f3 per a la utilitzaci\u00f3 d&#8217;aquests elements. El contingut disposat en l&#8217;Espai Web no podr\u00e0 ser reprodu\u00eft ni en tot ni en part, ni transm\u00e8s, ni registrat per cap sistema de recuperaci\u00f3 d&#8217;informaci\u00f3, en cap forma ni en cap mitj\u00e0, tret que es compti amb l&#8217;autoritzaci\u00f3 pr\u00e8via, per escrit, de la citada Entitat.<\/p>\n\n<p>Aix\u00ed mateix, queda prohibit suprimir, eludir i\/o manipular el \u00abcopyright\u00bb aix\u00ed com els dispositius t\u00e8cnics de protecci\u00f3, o qualssevol mecanismes d&#8217;informaci\u00f3 que poguessin contenir els continguts. L&#8217;Usuari d&#8217;aquest Espai Web es compromet a respectar els drets enunciats i a evitar qualsevol actuaci\u00f3 que pogu\u00e9s perjudicar-los, reservant-se en tot cas l&#8217;empresa l&#8217;exercici de quants mitjans o accions legals li corresponguin en defensa dels seus leg\u00edtims drets de propietat intel\u00b7lectual i industrial.<\/p>\n\n<p><strong>5. OBLIGACIONS I RESPONSABILITATS DE L&#8217;USUARI DE L&#8217;ESPAI WEB<\/strong><\/p>\n\n<p>L&#8217;Usuari es compromet a:<\/p>\n\n<ol type=\"1\"><li>Fer un \u00fas adequat i l\u00edcit de l&#8217;Espai Web aix\u00ed com dels continguts i serveis, de conformitat amb: (i) la legislaci\u00f3 aplicable a cada moment; (ii) les Condicions Generals d&#8217;\u00das de l&#8217;Espai Web; (iii) la moral i bons costums generalment acceptades i (iv) l&#8217;ordre p\u00fablic.<\/li><li>Proveir-se de tots els mitjans i requeriments t\u00e8cnics que es precisin per a accedir a l&#8217;Espai Web.<\/li><li>Facilitar informaci\u00f3 vera\u00e7 en emplenar amb les seves dades de car\u00e0cter personal els formularis continguts en l&#8217;Espai Web i a mantenir-los actualitzats en tot moment de manera que respongui, a cada moment, a la situaci\u00f3 real de l&#8217;Usuari. L&#8217;Usuari ser\u00e0 l&#8217;\u00fanic responsable de les manifestacions falses o inexactes que realitzi i dels perjudicis que causi a l&#8217;empresa o a tercers per la informaci\u00f3 que faciliti.<\/li><\/ol>\n<p>No obstant aix\u00f2 el que s&#8217;estableix en l&#8217;apartat anterior, l&#8217;Usuari deur\u00e0 aix\u00ed mateix abstenir-se de:<\/p>\n\n<ol type=\"1\"><li>Fer un \u00fas no autoritzat o fraudulent de l&#8217;Espai Web i\/o dels continguts amb finalitats o efectes il\u00b7l\u00edcits, prohibits en les presents Condicions Generals d&#8217;\u00das, lesius dels drets i interessos de tercers, o que de qualsevol forma puguin danyar, inutilitzar, sobrecarregar, deteriorar o impedir la normal utilitzaci\u00f3 dels serveis o els documents, arxius i tota classe de continguts emmagatzemats en qualsevol equip inform\u00e0tic.<\/li><li>Accedir o intentar accedir a recursos o \u00e0rees restringides de l&#8217;Espai Web, sense complir les condicions exigides per a aquest acc\u00e9s.<\/li><li>Provocar danys en els sistemes f\u00edsics o l\u00f2gics de l&#8217;Espai Web, dels seus prove\u00efdors o de tercers.<\/li><li>Introduir o difondre en la xarxa virus inform\u00e0tics o qualssevol altres sistemes f\u00edsics o l\u00f2gics que siguin susceptibles de provocar danys en els sistemes f\u00edsics o l\u00f2gics de l&#8217;empresa, prove\u00efdors o de tercers.<\/li><li>Intentar accedir, utilitzar i\/o manipular les dades de l&#8217;empresa, tercers prove\u00efdors i altres Usuaris.<\/li><li>Reproduir o copiar, distribuir, permetre l&#8217;acc\u00e9s del p\u00fablic a trav\u00e9s de qualsevol modalitat de comunicaci\u00f3 p\u00fablica, transformar o modificar els continguts, tret que es compti amb l&#8217;autoritzaci\u00f3 del titular dels corresponents drets o aix\u00f2 resulti legalment perm\u00e8s.<\/li><li>Suprimir, ocultar o manipular les notes sobre drets de propietat intel\u00b7lectual o industrial i altres dades identificatives dels drets de l&#8217;empresa o de tercers incorporats als continguts, aix\u00ed com els dispositius t\u00e8cnics de protecci\u00f3 o qualssevol mecanismes d&#8217;informaci\u00f3 que puguin inserir-se en els continguts.<\/li><li>Obtenir i intentar obtenir els continguts emprant per a aix\u00f2 mitjans o procediments diferents dels que, segons els casos, s&#8217;hagin posat a la seva disposici\u00f3 a aquest efecte o s&#8217;hagin indicat expressament en les p\u00e0gines web on es trobin els continguts o, en general, dels que s&#8217;emprin habitualment en Internet per no comportar un risc de mal o inutilitzaci\u00f3 de l&#8217;Espai web i\/o dels continguts.<\/li><li>En particular, i a t\u00edtol merament indicatiu i no exhaustiu, l&#8217;Usuari es compromet a no transmetre, difondre o posar a la disposici\u00f3 de tercers informacions, dades, continguts, missatges, gr\u00e0fics, dibuixos, arxius de so i\/o imatge, fotografies, enregistraments, programari i, en general, qualsevol classe de material que: \u2022 De qualsevol forma sigui contrari, menyspre\u00ef o atempti contra els drets fonamentals i les llibertats p\u00fabliques reconegudes constitucionalment, en els Tractats Internacionals i en la resta de la legislaci\u00f3 vigent.\u2022 Indueixi, inciti o promogui actuacions delictives, denigrat\u00f2ries, difamat\u00f2ries, violentes o, en general, contr\u00e0ries a la llei, a la moral, als bons costums generalment acceptades o a l&#8217;ordre p\u00fablic.\u2022 Indueixi, inciti o promogui actuacions, actituds o pensaments discriminatoris per ra\u00f3 de sexe, ra\u00e7a, religi\u00f3, creences, edat o condici\u00f3.\u2022 Incorpori, posi a disposici\u00f3 o permeti accedir a productes, elements, missatges i\/o serveis delictius, violents, ofensius, nocius, degradants o, en general, contraris a la llei, a la moral i als bons costums generalment acceptades o a l&#8217;ordre p\u00fablic. Indueixi o pugui induir a un estat inacceptable d&#8217;ansietat o temor.\u2022 Indueixi o inciti a involucrar-se en pr\u00e0ctiques perilloses, de risc o nocives per a la salut i l&#8217;equilibri ps\u00edquic.\u2022 Es troba protegit per la legislaci\u00f3 en mat\u00e8ria de protecci\u00f3 intel\u00b7lectual o industrial pertanyent a la societat o a tercers sense que hagi estat autoritzat l&#8217;\u00fas que es pretengui realitzar.\u2022 Sigui contrari a l&#8217;honor, a la intimitat personal i familiar o a la pr\u00f2pia imatge de les persones.\u2022 Constitueixi qualsevol tipus de publicitat.\u2022 Inclogui qualsevol tipus de virus o programa que impedeixi el normal funcionament de l&#8217;Espai Web.<\/li><\/ol>\n<p>Si per a accedir a alguns dels serveis i\/o continguts de l&#8217;Espai Web, se li proporcion\u00e9s una contrasenya, s&#8217;obliga a usar-la de manera diligent, mantenint-la en tot moment en secret. En conseq\u00fc\u00e8ncia, ser\u00e0 responsable de la seva adequada cust\u00f2dia i confidencialitat, comprometent-se a no cedir-la a tercers, de manera temporal o permanent, ni a permetre l&#8217;acc\u00e9s als esmentats serveis i\/o continguts per part de persones alienes. Igualment, s&#8217;obliga a notificar a la societat qualsevol fet que pugui suposar un \u00fas indegut de la seva contrasenya, com, a t\u00edtol enunciatiu, el seu robatori, extraviament o l&#8217;acc\u00e9s no autoritzat, amb la finalitat de procedir a la seva immediata cancel\u00b7laci\u00f3. En conseq\u00fc\u00e8ncia, mentre no efectu\u00ef la notificaci\u00f3 anterior, l&#8217;empresa quedar\u00e0 eximida de qualsevol responsabilitat que pogu\u00e9s derivar-se de l&#8217;\u00fas indegut de la seva contrasenya, sent de la seva responsabilitat qualsevol utilitzaci\u00f3 il\u00b7l\u00edcita dels continguts i\/o serveis de l&#8217;Espai Web per qualsevol tercer il\u00b7leg\u00edtim. Si de manera negligent o dolosa incompl\u00eds qualsevol de les obligacions establertes en les presents Condicions Generals d&#8217;\u00das, respondr\u00e0 per tots els danys i perjudicis que d&#8217;aquest incompliment poguessin derivar-se per a l&#8217;empresa.<\/p>\n\n<p><strong>6. RESPONSABILITATS<\/strong><\/p>\n\n<p>No es garanteix l&#8217;acc\u00e9s continuat, ni la correcta visualitzaci\u00f3, desc\u00e0rrega o utilitat dels elements i informacions contingudes en la web que puguin veure&#8217;s impedits, dificultats o interromputs per factors o circumst\u00e0ncies que estan fora del seu control. No es fa responsable de les decisions que poguessin adoptar-se a conseq\u00fc\u00e8ncia de l&#8217;acc\u00e9s als continguts o informacions ofertes.<\/p>\n\n<p>Es podr\u00e0 interrompre el servei, o resoldre de manera immediata la relaci\u00f3 amb l&#8217;Usuari, si es detecta que un \u00fas del seu Espai Web, o de qualsevol dels serveis oferts en aquest, \u00e9s contrari a les presents Condicions Generals d&#8217;\u00das. No ens fem responsables per danys, perjudicis, p\u00e8rdues, reclamacions o despeses derivades de l&#8217;\u00fas de l&#8217;Espai Web<br\/><br\/>\u00danicament ser\u00e0 responsable d&#8217;eliminar, al m\u00e9s aviat possible, els continguts que puguin generar tals perjudicis, sempre que aix\u00ed es notifiqui. Especialment no serem responsables dels perjudicis que es poguessin derivar, entre altres, de:<\/p>\n\n<ol type=\"1\"><li>Interfer\u00e8ncies, interrupcions, fallades, omissions, avaries telef\u00f2niques, retards, bloquejos o desconnexions en el funcionament del sistema electr\u00f2nic, motivades per defici\u00e8ncies, sobrec\u00e0rregues i errors en les l\u00ednies i xarxes de telecomunicacions, o per qualsevol altra causa aliena al control de l&#8217;empresa. <\/li><li>Intromissions il\u00b7leg\u00edtimes mitjan\u00e7ant l&#8217;\u00fas de programes malignes de qualsevol tipus i a trav\u00e9s de qualsevol mitj\u00e0 de comunicaci\u00f3, com ara virus inform\u00e0tics o qualssevol altres.<\/li><li>Ab\u00fas indegut o inadequat de l&#8217;Espai Web.<\/li><li>Errors de seguretat o navegaci\u00f3 produ\u00efts per un mal funcionament del navegador o per l&#8217;\u00fas de versions no actualitzades d&#8217;aquest. L&#8217;administrador de l&#8217;espai web es reserven el dret de retirar, totalment o parcialment, qualsevol contingut o informaci\u00f3 present en l&#8217;Espai Web.<\/li><\/ol>\n<p>L&#8217;empresa exclou qualsevol responsabilitat pels danys i perjudicis de tota naturalesa que poguessin deure&#8217;s a la mala utilitzaci\u00f3 dels serveis de lliure disposici\u00f3 i \u00fas per part dels Usuaris d&#8217;Espai Web. Aix\u00ed mateix, queda exonerat de qualsevol responsabilitat pel contingut i informacions que puguin ser rebudes a conseq\u00fc\u00e8ncia dels formularis de recollida de dades, estant els mateixos \u00fanicament per a la prestaci\u00f3 dels serveis de consultes i dubtes. D&#8217;altra banda, en cas de causar danys i perjudicis per un \u00fas il\u00b7l\u00edcit o incorrecte d&#8217;aquests serveis, podr\u00e0 ser l&#8217;Usuari reclamat pels danys o perjudicis causats.<br\/><br\/>Vost\u00e8 mantindr\u00e0 a l&#8217;empresa indemne enfront de qualssevol danys i perjudicis que es derivin de reclamacions, accions o demandes de tercers a conseq\u00fc\u00e8ncia del seu acc\u00e9s o \u00fas de l&#8217;Espai Web. Aix\u00ed mateix, vost\u00e8 s&#8217;obliga a indemnitzar enfront de qualssevol danys i perjudicis, que es derivin de l&#8217;\u00fas per la seva part de \u201crobots\u201d, \u201cspiders\u201d, \u201ccrawlers\u201d o eines similars empleades amb la finalitat de recaptar o extreure dades o de qualsevol altra actuaci\u00f3 per la seva part que imposi una c\u00e0rrega desraonada sobre el funcionament de l&#8217;Espai Web.<\/p>\n\n<p><strong>7. ENLLA\u00c7OS<\/strong><\/p>\n\n<p>L&#8217;Usuari s&#8217;obliga a no reproduir de cap manera, ni tan sols mitjan\u00e7ant un enlla\u00e7 o enlla\u00e7, l&#8217;Espai Web, aix\u00ed com cap dels seus continguts, excepte autoritzaci\u00f3 expressa i per escrit del responsable del fitxer.<\/p>\n\n<p>L&#8217;Espai Web pot incloure enlla\u00e7os a altres espais web, gestionats per tercers, a fi de facilitar l&#8217;acc\u00e9s de l&#8217;Usuari a la informaci\u00f3 d&#8217;empreses col\u00b7laboradores i\/o patrocinadores. Conforme amb aix\u00f2, la societat no es responsabilitza del contingut d&#8217;aquests Espais web, ni se situa en una posici\u00f3 de garant ni\/o de part oferent dels serveis i\/o informaci\u00f3 que es puguin oferir a tercers a trav\u00e9s dels enlla\u00e7os de tercers.<\/p>\n\n<p>Es concedeix a l&#8217;Usuari un dret limitat, revocable i no exclusiu a crear enlla\u00e7os a la p\u00e0gina principal de l&#8217;Espai Web exclusivament per a \u00fas privat i no comercial. Els Espais web que incloguin enlla\u00e7 al nostre Espai Web (i) no podran falsejar la seva relaci\u00f3 ni afirmar que s&#8217;ha autoritzat tal enlla\u00e7, ni incloure marques, denominacions, noms comercials, logotips o altres signes distintius de la nostra societat; (ii) no podran incloure continguts que puguin considerar-se de mal gust, obscens, ofensius, controvertits, que incitin a la viol\u00e8ncia o la discriminaci\u00f3 per ra\u00f3 de sexe, ra\u00e7a o religi\u00f3, contraris a l&#8217;ordre p\u00fablic o il\u00b7l\u00edcits; (iii) no podran enlla\u00e7ar a cap p\u00e0gina de l&#8217;Espai Web diferent de la p\u00e0gina principal; (iv) haur\u00e0 d&#8217;enlla\u00e7ar amb la pr\u00f2pia adre\u00e7a de l&#8217;Espai Web, sense permetre que l&#8217;Espai web que realitzi l&#8217;enlla\u00e7 reprodueixi l&#8217;Espai Web com a part del seu web o dins d&#8217;un dels seus \u201cframes\u201d o crear un \u201cbrowser\u201d sobre qualsevol de les p\u00e0gines de l&#8217;Espai Web. L&#8217;empresa podr\u00e0 sol\u00b7licitar, en qualsevol moment, que elimini qualsevol enlla\u00e7 a l&#8217;Espai Web, despr\u00e9s de la qual cosa haur\u00e0 de procedir immediatament a la seva eliminaci\u00f3.<\/p>\n\n<p>L&#8217;empresa no pot controlar la informaci\u00f3, continguts, productes o serveis facilitats per altres Espais web que tinguin establerts enlla\u00e7os amb destinaci\u00f3 a l&#8217;Espai Web.<\/p>\n\n<p><strong>8. PROTECCI\u00d3 DE DADES<\/strong><\/p>\n\n<p>Per a utilitzar alguns dels Serveis, l&#8217;Usuari ha de proporcionar pr\u00e8viament unes certes dades de car\u00e0cter personal. L&#8217;empresa tractar\u00e0 automatitzadament aquestes dades i aplicar\u00e0 les corresponents mesures de seguretat, tot aix\u00f2 en compliment del RGPD, LOPDGDD i LSSI. L&#8217;Usuari pot accedir a la pol\u00edtica seguida en el tractament de les dades personals, aix\u00ed com l&#8217;establiment de les finalitats pr\u00e8viament establertes, en les condicions definides en la Pol\u00edtica de Privacitat.<\/p>\n\n<p><strong>9. COOKIES<\/strong><\/p>\n\n<p>L&#8217;empresa es reserva el dret d&#8217;utilitzar la tecnologia \u201ccookie\u201d en l&#8217;Espai Web, a fi de recon\u00e8ixer-lo com a Usuari freq\u00fcent i personalitzar l&#8217;\u00fas que realitzi de l&#8217;Espai Web mitjan\u00e7ant la preselecci\u00f3 del seu idioma, o continguts m\u00e9s desitjats o espec\u00edfics.<\/p>\n\n<p>Les cookies recopilen l&#8217;adre\u00e7a <a href=\"https:\/\/ceporros.com\/\">IP<\/a> de l&#8217;usuari sent <a href=\"https:\/\/presencialismo.com\/\" target=\"_blank\" rel=\"noreferrer noopener\">Google<\/a> el responsable del tractament d&#8217;aquesta informaci\u00f3.<\/p>\n\n<p>Les cookies s\u00f3n fitxers enviats a un navegador, per mitj\u00e0 d&#8217;un servidor Web, per a registrar la navegaci\u00f3 de l&#8217;Usuari en l&#8217;Espai Web, quan l&#8217;Usuari permeti la seva recepci\u00f3. Si vost\u00e8 ho desitja pot configurar el seu navegador per a ser avisat en pantalla de la recepci\u00f3 de cookies i per a impedir la instal\u00b7laci\u00f3 de cookies en el seu disc dur. Si us plau consulti les instruccions i manuals del seu navegador per a ampliar aquesta informaci\u00f3.<\/p>\n\n<p>Gr\u00e0cies a les cookies, resulta possible que es pugui recon\u00e8ixer el navegador de l&#8217;ordinador utilitzat per l&#8217;Usuari amb la finalitat de facilitar continguts i oferir les prefer\u00e8ncies de navegaci\u00f3 o publicit\u00e0ries que l&#8217;Usuari, als perfils demogr\u00e0fics dels Usuaris aix\u00ed com per a mesurar les visites i par\u00e0metres del tr\u00e0nsit, controlar el progr\u00e9s i nombre d&#8217;entrades.<\/p>\n\n<p><strong>10. DECLARACIONS I GARANTIES<\/strong><\/p>\n\n<p>En general, els continguts i serveis oferts en l&#8217;Espai Web tenen car\u00e0cter merament informatiu. Per conseg\u00fcent, en oferir-los, no s&#8217;atorga garantia ni cap declaraci\u00f3 en relaci\u00f3 amb els continguts i serveis oferts en l&#8217;Espai web, incloent, a t\u00edtol enunciatiu, garanties de licitud, fiabilitat, utilitat, veracitat, exactitud, o comerciabilitat, excepte en la mesura en qu\u00e8 per llei no puguin excloure&#8217;s tals declaracions i garanties.<\/p>\n\n<p><strong>11. FOR\u00c7A MAJOR<\/strong><\/p>\n\n<p>L&#8217;empresa no ser\u00e0 responsable en tot en cas d&#8217;impossibilitat de prestar servei, si aquesta es deu a interrupcions prolongades del subministrament el\u00e8ctric, l\u00ednies de telecomunicacions, conflictes socials, vagues, rebel\u00b7li\u00f3, explosions, inundacions, actes i omissions del Govern, i en general tots els sup\u00f2sits de for\u00e7a major o de cas fortu\u00eft.<\/p>\n\n<p><strong>12. RESOLUCI\u00d3 DE CONTROV\u00c8RSIES. LLEI APLICABLE I JURISDICCI\u00d3<\/strong><\/p>\n\n<p>Les presents Condicions Generals d&#8217;\u00das, aix\u00ed com l&#8217;\u00fas de l&#8217;Espai Web, es regiran per la legislaci\u00f3 espanyola. Per a la resoluci\u00f3 de qualsevol controv\u00e8rsia les parts se sotmetran als Jutjats i Tribunals del domicili social del Responsable del lloc web.<\/p>\n\n<p>En el cas que qualsevol estipulaci\u00f3 de les presents Condicions Generals d&#8217;\u00das result\u00e9s inexigible o nul\u00b7la en virtut de la legislaci\u00f3 aplicable o a conseq\u00fc\u00e8ncia d&#8217;una resoluci\u00f3 judicial o administrativa, aquesta inexigibilitat o nul\u00b7litat no far\u00e0 que les presents Condicions Generals d&#8217;\u00das resultin inexigibles o nul\u00b7les en el seu conjunt. En aquests casos, l&#8217;empresa procedir\u00e0 a la modificaci\u00f3 o substituci\u00f3 d&#8217;aquesta estipulaci\u00f3 per una altra que sigui v\u00e0lida i exigible i que, en la mesura que sigui possible, aconsegueixi l&#8217;objectiu i pretensi\u00f3 reflectits en l&#8217;estipulaci\u00f3 original.<\/p>\n","protected":false},"excerpt":{"rendered":"<p>Av\u00eds legal LLEI DELS SERVEIS DE LA SOCIETAT DE LA INFORMACI\u00d3 (LSSI) PLADUREX CARPETER\u00cdA, S.L., responsable [&hellip;]<\/p>\n","protected":false},"author":1,"featured_media":0,"parent":0,"menu_order":0,"comment_status":"closed","ping_status":"closed","template":"","meta":[],"_links":{"self":[{"href":"https:\/\/welstat.com\/ca\/wp-json\/wp\/v2\/pages\/2387"}],"collection":[{"href":"https:\/\/welstat.com\/ca\/wp-json\/wp\/v2\/pages"}],"about":[{"href":"https:\/\/welstat.com\/ca\/wp-json\/wp\/v2\/types\/page"}],"author":[{"embeddable":true,"href":"https:\/\/welstat.com\/ca\/wp-json\/wp\/v2\/users\/1"}],"replies":[{"embeddable":true,"href":"https:\/\/welstat.com\/ca\/wp-json\/wp\/v2\/comments?post=2387"}],"version-history":[{"count":1,"href":"https:\/\/welstat.com\/ca\/wp-json\/wp\/v2\/pages\/2387\/revisions"}],"predecessor-version":[{"id":2388,"href":"https:\/\/welstat.com\/ca\/wp-json\/wp\/v2\/pages\/2387\/revisions\/2388"}],"wp:attachment":[{"href":"https:\/\/welstat.com\/ca\/wp-json\/wp\/v2\/media?parent=2387"}],"curies":[{"name":"wp","href":"https:\/\/api.w.org\/{rel}","templated":true}]}}