{"id":2391,"date":"2022-02-28T11:08:10","date_gmt":"2022-02-28T09:08:10","guid":{"rendered":"https:\/\/welstat.com\/contacte\/"},"modified":"2022-04-05T08:54:25","modified_gmt":"2022-04-05T06:54:25","slug":"contacte","status":"publish","type":"page","link":"https:\/\/welstat.com\/ca\/contacte\/","title":{"rendered":"Contacte"},"content":{"rendered":"\n<h1 class=\"max-width-wide\">Contacte<\/h1>\n\n\n\n<p class=\"max-width-wide\">Emplena el formulari amb la teva consulta i ens posarem en contacte amb tu al m\u00e9s aviat possible. Tamb\u00e9 ens pots cridar durant el nostre horari d&#8217;atenci\u00f3 al client, i encantats t&#8217;atendrem.<\/p>\n\n\n\n<div class=\"wp-container-3 wp-block-columns max-width-wide contact\">\n<div class=\"wp-container-1 wp-block-column contact-info\">\n<p class=\"text-icon has-medium-font-size\"><img loading=\"lazy\" width=\"54\" height=\"54\" class=\"wp-image-1599\" style=\"width: 27px;\" src=\"https:\/\/welstat.com\/wp-content\/uploads\/2021\/03\/phone.png\" alt=\"\">  937 56 70 85<\/p>\n\n\n\n<p class=\"text-icon pinmap has-medium-font-size\"><img loading=\"lazy\" width=\"42\" height=\"58\" class=\"wp-image-1601\" style=\"width: 21px;\" src=\"https:\/\/welstat.com\/wp-content\/uploads\/2021\/03\/address.png\" alt=\"\"> Carrer dels Remences, 82, 08304 Matar\u00f3, Barcelona<\/p>\n\n\n\n<iframe src=\"https:\/\/www.google.com\/maps\/embed?pb=!1m18!1m12!1m3!1d2985.5918059811393!2d2.4480044154310674!3d41.55643467924917!2m3!1f0!2f0!3f0!3m2!1i1024!2i768!4f13.1!3m3!1m2!1s0x12a4b547e82efac5%3A0x27ba50c4d618902d!2sCarrer%20dels%20Remences%2C%2082%2C%2008304%20Matar%C3%B3%2C%20Barcelona!5e0!3m2!1sca!2ses!4v1616426081383!5m2!1sca!2ses\" style=\"border:0;\" allowfullscreen=\"\" loading=\"lazy\" width=\"600\" height=\"450\"><\/iframe>\n<\/div>\n\n\n\n<div class=\"wp-container-2 wp-block-column\"><div role=\"form\" class=\"wpcf7\" id=\"wpcf7-f2738-o1\" lang=\"ca\" dir=\"ltr\">\n<div class=\"screen-reader-response\"><p role=\"status\" aria-live=\"polite\" aria-atomic=\"true\"><\/p> <ul><\/ul><\/div>\n<form action=\"\/ca\/wp-json\/wp\/v2\/pages\/2391#wpcf7-f2738-o1\" method=\"post\" class=\"wpcf7-form init\" novalidate=\"novalidate\" data-status=\"init\">\n<div style=\"display: none;\">\n<input type=\"hidden\" name=\"_wpcf7\" value=\"2738\" \/>\n<input type=\"hidden\" name=\"_wpcf7_version\" value=\"5.6.3\" \/>\n<input type=\"hidden\" name=\"_wpcf7_locale\" value=\"ca\" \/>\n<input type=\"hidden\" name=\"_wpcf7_unit_tag\" value=\"wpcf7-f2738-o1\" \/>\n<input type=\"hidden\" name=\"_wpcf7_container_post\" value=\"0\" \/>\n<input type=\"hidden\" name=\"_wpcf7_posted_data_hash\" value=\"\" \/>\n<input type=\"hidden\" name=\"_wpcf7_recaptcha_response\" value=\"\" \/>\n<\/div>\n<p><label>\n<input type=\"hidden\" name=\"your-subject\" value=\"Formulario de contacto\" class=\"wpcf7-form-control wpcf7-hidden\" \/>\n<p><\/label><label> Nom<br \/>\n    <span class=\"wpcf7-form-control-wrap\" data-name=\"your-name\"><input type=\"text\" name=\"your-name\" value=\"\" size=\"40\" class=\"wpcf7-form-control wpcf7-text wpcf7-validates-as-required\" aria-required=\"true\" aria-invalid=\"false\" \/><\/span> <\/label><\/p>\n<p><label> E-mail<br \/>\n    <span class=\"wpcf7-form-control-wrap\" data-name=\"your-email\"><input type=\"email\" name=\"your-email\" value=\"\" size=\"40\" class=\"wpcf7-form-control wpcf7-text wpcf7-email wpcf7-validates-as-required wpcf7-validates-as-email\" aria-required=\"true\" aria-invalid=\"false\" \/><\/span> <\/label><\/p>\n<p><label> Empresa<br \/>\n    <span class=\"wpcf7-form-control-wrap\" data-name=\"your-company\"><input type=\"text\" name=\"your-company\" value=\"\" size=\"40\" class=\"wpcf7-form-control wpcf7-text\" aria-invalid=\"false\" \/><\/span> <\/label><\/p>\n<p><label> Tel\u00e8fon<br \/>\n    <span class=\"wpcf7-form-control-wrap\" data-name=\"your-tel\"><input type=\"text\" name=\"your-tel\" value=\"\" size=\"40\" class=\"wpcf7-form-control wpcf7-text\" aria-invalid=\"false\" \/><\/span> <\/label><\/p>\n<p><label> Missatge<br \/>\n    <span class=\"wpcf7-form-control-wrap\" data-name=\"your-message\"><textarea name=\"your-message\" cols=\"40\" rows=\"10\" class=\"wpcf7-form-control wpcf7-textarea\" aria-invalid=\"false\"><\/textarea><\/span> <\/label><\/p>\n<p><p class=\"accept-policy\"><span class=\"wpcf7-form-control-wrap acceptance-848\"><span class=\"wpcf7-form-control wpcf7-acceptance\"><span class=\"wpcf7-list-item\"><input type=\"checkbox\" name=\"acceptance-848\" value=\"1\" aria-invalid=\"false\"><\/span><\/span><\/span>Accepto la <a rel=\"nofollow\" href=\"https:\/\/welstat.com\/politica-de-privacidad\/\" target=\"_blank\">Pol\u00edtica de privacidad<\/a> <\/p><br \/>\n<input type=\"submit\" value=\"Envia\" class=\"wpcf7-form-control has-spinner wpcf7-submit\" \/><\/p>\n<div class=\"wpcf7-response-output\" aria-hidden=\"true\"><\/div><\/form><\/div>\n<\/div>\n<\/div>\n\n\n\n<p><\/p>\n","protected":false},"excerpt":{"rendered":"<p>Contacte Emplena el formulari amb la teva consulta i ens posarem en contacte amb tu al [&hellip;]<\/p>\n","protected":false},"author":1,"featured_media":0,"parent":0,"menu_order":0,"comment_status":"closed","ping_status":"closed","template":"","meta":[],"_links":{"self":[{"href":"https:\/\/welstat.com\/ca\/wp-json\/wp\/v2\/pages\/2391"}],"collection":[{"href":"https:\/\/welstat.com\/ca\/wp-json\/wp\/v2\/pages"}],"about":[{"href":"https:\/\/welstat.com\/ca\/wp-json\/wp\/v2\/types\/page"}],"author":[{"embeddable":true,"href":"https:\/\/welstat.com\/ca\/wp-json\/wp\/v2\/users\/1"}],"replies":[{"embeddable":true,"href":"https:\/\/welstat.com\/ca\/wp-json\/wp\/v2\/comments?post=2391"}],"version-history":[{"count":2,"href":"https:\/\/welstat.com\/ca\/wp-json\/wp\/v2\/pages\/2391\/revisions"}],"predecessor-version":[{"id":2739,"href":"https:\/\/welstat.com\/ca\/wp-json\/wp\/v2\/pages\/2391\/revisions\/2739"}],"wp:attachment":[{"href":"https:\/\/welstat.com\/ca\/wp-json\/wp\/v2\/media?parent=2391"}],"curies":[{"name":"wp","href":"https:\/\/api.w.org\/{rel}","templated":true}]}}