{"id":2395,"date":"2022-02-28T11:18:24","date_gmt":"2022-02-28T09:18:24","guid":{"rendered":"https:\/\/welstat.com\/inici\/"},"modified":"2023-11-06T14:13:50","modified_gmt":"2023-11-06T12:13:50","slug":"inici","status":"publish","type":"page","link":"https:\/\/welstat.com\/ca\/","title":{"rendered":"Inici"},"content":{"rendered":"\n<div class=\"wp-container-13 wp-block-group full-height full-width\"><div class=\"wp-block-group__inner-container\">\n<div class=\"wp-container-5 wp-block-group text\"><div class=\"wp-block-group__inner-container\">\n<div class=\"wp-container-4 wp-block-group appear top padding-sides\"><div class=\"wp-block-group__inner-container\">\n<div class=\"wp-container-3 wp-block-columns\">\n<div class=\"wp-container-1 wp-block-column\">\n<h1 class=\"no-margin move\">Especialistes en productes per a enquadernaci\u00f3 i embalatge de capsa folrada<\/h1>\n<\/div>\n\n\n\n<div class=\"wp-container-2 wp-block-column\">\n<p class=\"no-margin move has-normal-font-size\">Al teu costat amb els teus projectes. Distribu\u00efdors de mecanismes d&#8217;anelles i imants, i fabricadors de maquin\u00e0ria per a embalatge de capsa folrada i enquadernaci\u00f3.<\/p>\n\n\n\n<div style=\"height:19px\" aria-hidden=\"true\" class=\"wp-block-spacer\"><\/div>\n\n\n\n<p class=\"link-fletxa move\"><a href=\"https:\/\/welstat.com\/ca\/contacte\/\" data-type=\"page\" data-id=\"28\"><strong>M\u00e9s informaci\u00f3 <\/strong><img loading=\"lazy\" width=\"56\" height=\"56\" class=\"wp-image-1304\" style=\"width: 20px;\" src=\"https:\/\/welstat.com\/wp-content\/uploads\/2021\/05\/fletxa.png\" alt=\"\"\/><\/a><\/p>\n<\/div>\n<\/div>\n<\/div><\/div>\n<\/div><\/div>\n\n\n\n<div class=\"wp-container-12 wp-block-columns full-width columnes-home\">\n<div class=\"wp-container-7 wp-block-column\">\n<figure class=\"wp-block-image size-large\"><a href=\"https:\/\/welstat.com\/ca\/categoria-producto\/enquadernacio\/\"><img loading=\"lazy\" width=\"704\" height=\"1024\" src=\"https:\/\/welstat.com\/wp-content\/uploads\/2021\/05\/mecanismos-encuadernacion-5-704x1024.jpg\" alt=\"\" class=\"wp-image-1296\" srcset=\"https:\/\/welstat.com\/wp-content\/uploads\/2021\/05\/mecanismos-encuadernacion-5-704x1024.jpg 704w, https:\/\/welstat.com\/wp-content\/uploads\/2021\/05\/mecanismos-encuadernacion-5-600x872.jpg 600w, https:\/\/welstat.com\/wp-content\/uploads\/2021\/05\/mecanismos-encuadernacion-5-206x300.jpg 206w, https:\/\/welstat.com\/wp-content\/uploads\/2021\/05\/mecanismos-encuadernacion-5-768x1116.jpg 768w, https:\/\/welstat.com\/wp-content\/uploads\/2021\/05\/mecanismos-encuadernacion-5.jpg 800w\" sizes=\"(max-width: 704px) 100vw, 704px\" \/><\/a><\/figure>\n\n\n\n<div class=\"wp-container-6 wp-block-group text-group\"><div class=\"wp-block-group__inner-container\">\n<h2>Enquadernaci\u00f3<\/h2>\n\n\n\n<p>Mecanismes d&#8217;anella i palanca, i altres miscel\u00b7lanis per a enquadernaci\u00f3<\/p>\n<\/div><\/div>\n<\/div>\n\n\n\n<div class=\"wp-container-9 wp-block-column\">\n<figure class=\"wp-block-image size-large\"><a href=\"https:\/\/welstat.com\/ca\/maquines\/\"><img loading=\"lazy\" width=\"768\" height=\"1024\" src=\"https:\/\/welstat.com\/wp-content\/uploads\/2021\/05\/maquinas-768x1024.jpg\" alt=\"\" class=\"wp-image-1236\" srcset=\"https:\/\/welstat.com\/wp-content\/uploads\/2021\/05\/maquinas-768x1024.jpg 768w, https:\/\/welstat.com\/wp-content\/uploads\/2021\/05\/maquinas-600x800.jpg 600w, https:\/\/welstat.com\/wp-content\/uploads\/2021\/05\/maquinas-225x300.jpg 225w, https:\/\/welstat.com\/wp-content\/uploads\/2021\/05\/maquinas.jpg 1000w\" sizes=\"(max-width: 768px) 100vw, 768px\" \/><\/a><\/figure>\n\n\n\n<div class=\"wp-container-8 wp-block-group text-group\"><div class=\"wp-block-group__inner-container\">\n<h2>Maquin\u00e0ria<\/h2>\n\n\n\n<p>M\u00e0quines per a carpeter\u00eda i enquadernaci\u00f3, i embalatge de caixa folrada<\/p>\n<\/div><\/div>\n<\/div>\n\n\n\n<div class=\"wp-container-11 wp-block-column\">\n<figure class=\"wp-block-image size-large\"><a href=\"https:\/\/welstat.com\/ca\/categoria-producto\/imants\/\"><img loading=\"lazy\" width=\"800\" height=\"879\" src=\"https:\/\/welstat.com\/wp-content\/uploads\/2021\/05\/imanes-7.jpg\" alt=\"\" class=\"wp-image-1313\" srcset=\"https:\/\/welstat.com\/wp-content\/uploads\/2021\/05\/imanes-7.jpg 800w, https:\/\/welstat.com\/wp-content\/uploads\/2021\/05\/imanes-7-600x659.jpg 600w, https:\/\/welstat.com\/wp-content\/uploads\/2021\/05\/imanes-7-273x300.jpg 273w, https:\/\/welstat.com\/wp-content\/uploads\/2021\/05\/imanes-7-768x844.jpg 768w\" sizes=\"(max-width: 800px) 100vw, 800px\" \/><\/a><\/figure>\n\n\n\n<div class=\"wp-container-10 wp-block-group text-group\"><div class=\"wp-block-group__inner-container\">\n<h2>Imants<\/h2>\n\n\n\n<p>Imants de Neodimi amb cobertura de N\u00edquel ideals per a producci\u00f3 de caixes o estotjos, o qualsevol altre producte<\/p>\n<\/div><\/div>\n<\/div>\n<\/div>\n<\/div><\/div>\n\n<div style=\"height:51px\" aria-hidden=\"true\" class=\"wp-block-spacer\"><\/div>\n\n<div class=\"wp-container-14 wp-block-group full-width padding-sides\"><div class=\"wp-block-group__inner-container\">\n<h2><strong>Mecanismes d&#8217;enquadernaci\u00f3 destacats<\/strong><\/h2>\n\n\n<div class=\"woocommerce\">\n    <div class=\"products-list-wrapper featured-products\">\n        <div class=\"products-list wp-block-columns cols-responsive\"><div class=\"wp-block-column\"><div class=\"product-wrapper\"><a class=\"product-link\" href=\"https:\/\/welstat.com\/ca\/producto\/mecanismo-de-2-anillas-mixto-pmd-136-2-6536-2\/\"><div class=\"wp-block-image\"><img width=\"1200\" height=\"800\" src=\"https:\/\/welstat.com\/wp-content\/uploads\/2021\/03\/PHD-123_2_40.jpg\" class=\"attachment-full size-full\" alt=\"\" loading=\"lazy\" srcset=\"https:\/\/welstat.com\/wp-content\/uploads\/2021\/03\/PHD-123_2_40.jpg 1200w, https:\/\/welstat.com\/wp-content\/uploads\/2021\/03\/PHD-123_2_40-600x400.jpg 600w, https:\/\/welstat.com\/wp-content\/uploads\/2021\/03\/PHD-123_2_40-300x200.jpg 300w, https:\/\/welstat.com\/wp-content\/uploads\/2021\/03\/PHD-123_2_40-1024x683.jpg 1024w, https:\/\/welstat.com\/wp-content\/uploads\/2021\/03\/PHD-123_2_40-768x512.jpg 768w\" sizes=\"(max-width: 1200px) 100vw, 1200px\" \/><\/div><div class=\"wp-block-group\"><p class=\"product-title\">2 Anelles Mixtes 65(36)<\/p><\/div><\/a><\/div><\/div><div class=\"wp-block-column\"><div class=\"product-wrapper\"><a class=\"product-link\" href=\"https:\/\/welstat.com\/ca\/producto\/mecanismo-de-2-anillas-mixto-pmd-123-2-5226-2\/\"><div class=\"wp-block-image\"><img width=\"1200\" height=\"800\" src=\"https:\/\/welstat.com\/wp-content\/uploads\/2021\/03\/PHD-123_2_40.jpg\" class=\"attachment-full size-full\" alt=\"\" loading=\"lazy\" srcset=\"https:\/\/welstat.com\/wp-content\/uploads\/2021\/03\/PHD-123_2_40.jpg 1200w, https:\/\/welstat.com\/wp-content\/uploads\/2021\/03\/PHD-123_2_40-600x400.jpg 600w, https:\/\/welstat.com\/wp-content\/uploads\/2021\/03\/PHD-123_2_40-300x200.jpg 300w, https:\/\/welstat.com\/wp-content\/uploads\/2021\/03\/PHD-123_2_40-1024x683.jpg 1024w, https:\/\/welstat.com\/wp-content\/uploads\/2021\/03\/PHD-123_2_40-768x512.jpg 768w\" sizes=\"(max-width: 1200px) 100vw, 1200px\" \/><\/div><div class=\"wp-block-group\"><p class=\"product-title\">2 Anelles Mixtes 52(26)<\/p><\/div><\/a><\/div><\/div><div class=\"wp-block-column\"><div class=\"product-wrapper\"><a class=\"product-link\" href=\"https:\/\/welstat.com\/ca\/producto\/mecanismo-de-2-anillas-mixto-pmd-123-2-4526-2\/\"><div class=\"wp-block-image\"><img width=\"1200\" height=\"800\" src=\"https:\/\/welstat.com\/wp-content\/uploads\/2021\/03\/PHD-123_2_40.jpg\" class=\"attachment-full size-full\" alt=\"\" loading=\"lazy\" srcset=\"https:\/\/welstat.com\/wp-content\/uploads\/2021\/03\/PHD-123_2_40.jpg 1200w, https:\/\/welstat.com\/wp-content\/uploads\/2021\/03\/PHD-123_2_40-600x400.jpg 600w, https:\/\/welstat.com\/wp-content\/uploads\/2021\/03\/PHD-123_2_40-300x200.jpg 300w, https:\/\/welstat.com\/wp-content\/uploads\/2021\/03\/PHD-123_2_40-1024x683.jpg 1024w, https:\/\/welstat.com\/wp-content\/uploads\/2021\/03\/PHD-123_2_40-768x512.jpg 768w\" sizes=\"(max-width: 1200px) 100vw, 1200px\" \/><\/div><div class=\"wp-block-group\"><p class=\"product-title\">2 Anelles Mixtes 45(26)<\/p><\/div><\/a><\/div><\/div><div class=\"wp-block-column\"><div class=\"product-wrapper\"><a class=\"product-link\" href=\"https:\/\/welstat.com\/ca\/producto\/mecanismo-de-2-anillas-mixto-pmd-123-2-4026-2\/\"><div class=\"wp-block-image\"><img width=\"1200\" height=\"800\" src=\"https:\/\/welstat.com\/wp-content\/uploads\/2021\/03\/PHD-123_2_40.jpg\" class=\"attachment-full size-full\" alt=\"\" loading=\"lazy\" srcset=\"https:\/\/welstat.com\/wp-content\/uploads\/2021\/03\/PHD-123_2_40.jpg 1200w, https:\/\/welstat.com\/wp-content\/uploads\/2021\/03\/PHD-123_2_40-600x400.jpg 600w, https:\/\/welstat.com\/wp-content\/uploads\/2021\/03\/PHD-123_2_40-300x200.jpg 300w, https:\/\/welstat.com\/wp-content\/uploads\/2021\/03\/PHD-123_2_40-1024x683.jpg 1024w, https:\/\/welstat.com\/wp-content\/uploads\/2021\/03\/PHD-123_2_40-768x512.jpg 768w\" sizes=\"(max-width: 1200px) 100vw, 1200px\" \/><\/div><div class=\"wp-block-group\"><p class=\"product-title\">2 Anelles Mixtes 40(26)<\/p><\/div><\/a><\/div><\/div><\/div>    <\/div>\n<\/div>\n\n\n\n<p class=\"has-text-align-center button-link\"><a href=\"https:\/\/welstat.com\/ca\/categoria-producto\/enquadernacio\/\">Mecanismes d&#8217;Enquadernaci\u00f3<\/a><\/p>\n<\/div><\/div>\n\n<div class=\"wp-container-15 wp-block-group full-width padding-sides\"><div class=\"wp-block-group__inner-container\">\n<div style=\"height:40px\" aria-hidden=\"true\" class=\"wp-block-spacer\"><\/div>\n\n\n\n<h2><strong>Imants destacats<\/strong><\/h2>\n\n\n<div class=\"woocommerce\">\n    <div class=\"products-list-wrapper featured-products\">\n        <div class=\"products-list wp-block-columns cols-responsive\"><div class=\"wp-block-column\"><div class=\"product-wrapper\"><a class=\"product-link\" href=\"https:\/\/welstat.com\/ca\/producto\/iman-redondo-medida-10x25mm-niquel-sqc064-n35-2\/\"><div class=\"wp-block-image\"><img width=\"1200\" height=\"800\" src=\"https:\/\/welstat.com\/wp-content\/uploads\/2021\/03\/IMA\u0301N-R-10X2.jpg\" class=\"attachment-full size-full\" alt=\"\" loading=\"lazy\" srcset=\"https:\/\/welstat.com\/wp-content\/uploads\/2021\/03\/IMA\u0301N-R-10X2.jpg 1200w, https:\/\/welstat.com\/wp-content\/uploads\/2021\/03\/IMA\u0301N-R-10X2-600x400.jpg 600w, https:\/\/welstat.com\/wp-content\/uploads\/2021\/03\/IMA\u0301N-R-10X2-300x200.jpg 300w, https:\/\/welstat.com\/wp-content\/uploads\/2021\/03\/IMA\u0301N-R-10X2-1024x683.jpg 1024w, https:\/\/welstat.com\/wp-content\/uploads\/2021\/03\/IMA\u0301N-R-10X2-768x512.jpg 768w\" sizes=\"(max-width: 1200px) 100vw, 1200px\" \/><\/div><div class=\"wp-block-group\"><p class=\"product-title\">Imant Rod\u00f3 10x2,5mm<\/p><\/div><\/a><\/div><\/div><div class=\"wp-block-column\"><div class=\"product-wrapper\"><a class=\"product-link\" href=\"https:\/\/welstat.com\/ca\/producto\/iman-redondo-medida-12x15mm-niquel-n35\/\"><div class=\"wp-block-image\"><img width=\"1200\" height=\"800\" src=\"https:\/\/welstat.com\/wp-content\/uploads\/2021\/03\/IMA\u0301N-R-10X15.jpg\" class=\"attachment-full size-full\" alt=\"\" loading=\"lazy\" srcset=\"https:\/\/welstat.com\/wp-content\/uploads\/2021\/03\/IMA\u0301N-R-10X15.jpg 1200w, https:\/\/welstat.com\/wp-content\/uploads\/2021\/03\/IMA\u0301N-R-10X15-600x400.jpg 600w, https:\/\/welstat.com\/wp-content\/uploads\/2021\/03\/IMA\u0301N-R-10X15-300x200.jpg 300w, https:\/\/welstat.com\/wp-content\/uploads\/2021\/03\/IMA\u0301N-R-10X15-1024x683.jpg 1024w, https:\/\/welstat.com\/wp-content\/uploads\/2021\/03\/IMA\u0301N-R-10X15-768x512.jpg 768w\" sizes=\"(max-width: 1200px) 100vw, 1200px\" \/><\/div><div class=\"wp-block-group\"><p class=\"product-title\">Imant Rod\u00f3 12x1,5mm<\/p><\/div><\/a><\/div><\/div><div class=\"wp-block-column\"><div class=\"product-wrapper\"><a class=\"product-link\" href=\"https:\/\/welstat.com\/ca\/producto\/iman-redondo-medida-12x2mm-niquel-n35-2\/\"><div class=\"wp-block-image\"><img width=\"1200\" height=\"800\" src=\"https:\/\/welstat.com\/wp-content\/uploads\/2021\/03\/IMA\u0301N-R-10X15.jpg\" class=\"attachment-full size-full\" alt=\"\" loading=\"lazy\" srcset=\"https:\/\/welstat.com\/wp-content\/uploads\/2021\/03\/IMA\u0301N-R-10X15.jpg 1200w, https:\/\/welstat.com\/wp-content\/uploads\/2021\/03\/IMA\u0301N-R-10X15-600x400.jpg 600w, https:\/\/welstat.com\/wp-content\/uploads\/2021\/03\/IMA\u0301N-R-10X15-300x200.jpg 300w, https:\/\/welstat.com\/wp-content\/uploads\/2021\/03\/IMA\u0301N-R-10X15-1024x683.jpg 1024w, https:\/\/welstat.com\/wp-content\/uploads\/2021\/03\/IMA\u0301N-R-10X15-768x512.jpg 768w\" sizes=\"(max-width: 1200px) 100vw, 1200px\" \/><\/div><div class=\"wp-block-group\"><p class=\"product-title\">Imant Rod\u00f3 12x2mm N\u00edquel SQC015 N35<\/p><\/div><\/a><\/div><\/div><div class=\"wp-block-column\"><div class=\"product-wrapper\"><a class=\"product-link\" href=\"https:\/\/welstat.com\/ca\/producto\/plancha-magnetica-natural-2\/\"><div class=\"wp-block-image\"><img width=\"1200\" height=\"800\" src=\"https:\/\/welstat.com\/wp-content\/uploads\/2021\/03\/PLANCHA-MAGNE\u0301TICA-2.jpg\" class=\"attachment-full size-full\" alt=\"\" loading=\"lazy\" srcset=\"https:\/\/welstat.com\/wp-content\/uploads\/2021\/03\/PLANCHA-MAGNE\u0301TICA-2.jpg 1200w, https:\/\/welstat.com\/wp-content\/uploads\/2021\/03\/PLANCHA-MAGNE\u0301TICA-2-600x400.jpg 600w, https:\/\/welstat.com\/wp-content\/uploads\/2021\/03\/PLANCHA-MAGNE\u0301TICA-2-300x200.jpg 300w, https:\/\/welstat.com\/wp-content\/uploads\/2021\/03\/PLANCHA-MAGNE\u0301TICA-2-1024x683.jpg 1024w, https:\/\/welstat.com\/wp-content\/uploads\/2021\/03\/PLANCHA-MAGNE\u0301TICA-2-768x512.jpg 768w\" sizes=\"(max-width: 1200px) 100vw, 1200px\" \/><\/div><div class=\"wp-block-group\"><p class=\"product-title\">Planxa Magn\u00e8tica Natural SQC056<\/p><\/div><\/a><\/div><\/div><div class=\"wp-block-column\"><div class=\"product-wrapper\"><a class=\"product-link\" href=\"https:\/\/welstat.com\/ca\/producto\/iman-redondo-medida-2\/\"><div class=\"wp-block-image\"><img width=\"1200\" height=\"800\" src=\"https:\/\/welstat.com\/wp-content\/uploads\/2021\/03\/IMA\u0301N-R-10X2.jpg\" class=\"attachment-full size-full\" alt=\"\" loading=\"lazy\" srcset=\"https:\/\/welstat.com\/wp-content\/uploads\/2021\/03\/IMA\u0301N-R-10X2.jpg 1200w, https:\/\/welstat.com\/wp-content\/uploads\/2021\/03\/IMA\u0301N-R-10X2-600x400.jpg 600w, https:\/\/welstat.com\/wp-content\/uploads\/2021\/03\/IMA\u0301N-R-10X2-300x200.jpg 300w, https:\/\/welstat.com\/wp-content\/uploads\/2021\/03\/IMA\u0301N-R-10X2-1024x683.jpg 1024w, https:\/\/welstat.com\/wp-content\/uploads\/2021\/03\/IMA\u0301N-R-10X2-768x512.jpg 768w\" sizes=\"(max-width: 1200px) 100vw, 1200px\" \/><\/div><div class=\"wp-block-group\"><p class=\"product-title\">Imant Rod\u00f3 10x2mm N\u00edquel N35<\/p><\/div><\/a><\/div><\/div><\/div>    <\/div>\n<\/div>\n\n\n\n<p class=\"has-text-align-center button-link\"><a href=\"https:\/\/welstat.com\/ca\/categoria-producto\/imants\/\" data-type=\"URL\">Veure tots els imants<\/a><\/p>\n<\/div><\/div>\n\n<div style=\"height:60px\" aria-hidden=\"true\" class=\"wp-block-spacer\"><\/div>\n\n<div class=\"wp-container-31 wp-block-columns maquinas-blocks padding-sides full-width\">\n<div class=\"wp-container-20 wp-block-column\">\n<div class=\"wp-container-19 wp-block-group maquina-block\"><div class=\"wp-block-group__inner-container\">\n<div class=\"wp-container-18 wp-block-columns are-vertically-aligned-center\">\n<div class=\"wp-container-16 wp-block-column is-vertically-aligned-center\" style=\"flex-basis:35%\">\n<figure class=\"wp-block-image size-full\"><img loading=\"lazy\" width=\"500\" height=\"500\" src=\"https:\/\/welstat.com\/wp-content\/uploads\/2022\/01\/packaging-png.png\" alt=\"\" class=\"wp-image-2323\" srcset=\"https:\/\/welstat.com\/wp-content\/uploads\/2022\/01\/packaging-png.png 500w, https:\/\/welstat.com\/wp-content\/uploads\/2022\/01\/packaging-png-300x300.png 300w, https:\/\/welstat.com\/wp-content\/uploads\/2022\/01\/packaging-png-100x100.png 100w, https:\/\/welstat.com\/wp-content\/uploads\/2022\/01\/packaging-png-150x150.png 150w\" sizes=\"(max-width: 500px) 100vw, 500px\" \/><\/figure><\/div>\n\n\n\n<div class=\"wp-container-17 wp-block-column is-vertically-aligned-center text\">\n<p><a href=\"https:\/\/welstat.com\/ca\/maquines\/maquinaria-packaging\/\" data-type=\"page\"><strong>Maquin\u00e0ria<\/strong><\/a><br\/><a href=\"https:\/\/welstat.com\/ca\/maquines\/maquinaria-packaging\/\" data-type=\"page\"><strong>Packaging<\/strong><\/a><\/p>\n\n\n\n<p class=\"has-small-font-size\"><a href=\"https:\/\/welstat.com\/ca\/maquines\/maquinaria-packaging\/\" data-type=\"page\">Fresat, segellat i folrat de caixes<\/a><\/p>\n<\/div>\n<\/div>\n<\/div><\/div>\n<\/div>\n\n\n\n<div class=\"wp-container-25 wp-block-column is-vertically-aligned-center\">\n<div class=\"wp-container-24 wp-block-group maquina-block\"><div class=\"wp-block-group__inner-container\">\n<div class=\"wp-container-23 wp-block-columns are-vertically-aligned-center\">\n<div class=\"wp-container-21 wp-block-column is-vertically-aligned-center\" style=\"flex-basis:35%\">\n<figure class=\"wp-block-image size-large\"><a href=\"https:\/\/welstat.com\/ca\/maquines\/maquinaria-revisada\/\"><img loading=\"lazy\" width=\"500\" height=\"500\" src=\"https:\/\/welstat.com\/wp-content\/uploads\/2021\/04\/maquinaria-revisada-2.png\" alt=\"\" class=\"wp-image-1851\" srcset=\"https:\/\/welstat.com\/wp-content\/uploads\/2021\/04\/maquinaria-revisada-2.png 500w, https:\/\/welstat.com\/wp-content\/uploads\/2021\/04\/maquinaria-revisada-2-300x300.png 300w, https:\/\/welstat.com\/wp-content\/uploads\/2021\/04\/maquinaria-revisada-2-100x100.png 100w, https:\/\/welstat.com\/wp-content\/uploads\/2021\/04\/maquinaria-revisada-2-150x150.png 150w\" sizes=\"(max-width: 500px) 100vw, 500px\" \/><\/a><\/figure><\/div>\n\n\n\n<div class=\"wp-container-22 wp-block-column is-vertically-aligned-center text\">\n<p><a href=\"https:\/\/welstat.com\/ca\/maquines\/maquinaria-revisada\/\" data-type=\"page\"><strong>Maquin\u00e0ria<\/strong><\/a><br\/><a href=\"https:\/\/welstat.com\/ca\/maquines\/maquinaria-revisada\/\" data-type=\"page\"><strong>Revisada<\/strong><\/a><\/p>\n\n\n\n<p class=\"has-small-font-size\"><a href=\"https:\/\/welstat.com\/ca\/maquines\/maquinaria-revisada\/\" data-type=\"page\">Ofertes \u00faniques, revisades i garantides<\/a><\/p>\n<\/div>\n<\/div>\n<\/div><\/div>\n<\/div>\n\n\n\n<div class=\"wp-container-30 wp-block-column is-vertically-aligned-center\">\n<div class=\"wp-container-29 wp-block-group maquina-block\"><div class=\"wp-block-group__inner-container\">\n<div class=\"wp-container-28 wp-block-columns are-vertically-aligned-center\">\n<div class=\"wp-container-26 wp-block-column is-vertically-aligned-center\" style=\"flex-basis:35%\">\n<figure class=\"wp-block-image size-full\"><img loading=\"lazy\" width=\"500\" height=\"500\" src=\"https:\/\/welstat.com\/wp-content\/uploads\/2022\/01\/carpeteria-png.png\" alt=\"\" class=\"wp-image-2325\" srcset=\"https:\/\/welstat.com\/wp-content\/uploads\/2022\/01\/carpeteria-png.png 500w, https:\/\/welstat.com\/wp-content\/uploads\/2022\/01\/carpeteria-png-300x300.png 300w, https:\/\/welstat.com\/wp-content\/uploads\/2022\/01\/carpeteria-png-100x100.png 100w, https:\/\/welstat.com\/wp-content\/uploads\/2022\/01\/carpeteria-png-150x150.png 150w\" sizes=\"(max-width: 500px) 100vw, 500px\" \/><\/figure><\/div>\n\n\n\n<div class=\"wp-container-27 wp-block-column is-vertically-aligned-center text\">\n<p><a href=\"https:\/\/welstat.com\/ca\/maquines\/maquinaria-carpeteria\/\" data-type=\"page\"><strong>Maquin\u00e0ria<\/strong><\/a><br\/><a href=\"https:\/\/welstat.com\/ca\/maquines\/maquinaria-carpeteria\/\" data-type=\"page\"><strong>Carpeteter\u00eda<\/strong><\/a><\/p>\n\n\n\n<p class=\"has-small-font-size\"><a href=\"https:\/\/welstat.com\/ca\/maquines\/maquinaria-carpeteria\/\" data-type=\"page\">Distribu\u00efdors de CMC ITALIA <\/a><\/p>\n<\/div>\n<\/div>\n<\/div><\/div>\n<\/div>\n<\/div>\n\n<div style=\"height:60px\" aria-hidden=\"true\" class=\"wp-block-spacer\"><\/div>\n\n<p><\/p>\n","protected":false},"excerpt":{"rendered":"<p>Especialistes en productes per a enquadernaci\u00f3 i embalatge de capsa folrada Al teu costat amb els [&hellip;]<\/p>\n","protected":false},"author":1,"featured_media":0,"parent":0,"menu_order":0,"comment_status":"closed","ping_status":"closed","template":"","meta":[],"_links":{"self":[{"href":"https:\/\/welstat.com\/ca\/wp-json\/wp\/v2\/pages\/2395"}],"collection":[{"href":"https:\/\/welstat.com\/ca\/wp-json\/wp\/v2\/pages"}],"about":[{"href":"https:\/\/welstat.com\/ca\/wp-json\/wp\/v2\/types\/page"}],"author":[{"embeddable":true,"href":"https:\/\/welstat.com\/ca\/wp-json\/wp\/v2\/users\/1"}],"replies":[{"embeddable":true,"href":"https:\/\/welstat.com\/ca\/wp-json\/wp\/v2\/comments?post=2395"}],"version-history":[{"count":5,"href":"https:\/\/welstat.com\/ca\/wp-json\/wp\/v2\/pages\/2395\/revisions"}],"predecessor-version":[{"id":4014,"href":"https:\/\/welstat.com\/ca\/wp-json\/wp\/v2\/pages\/2395\/revisions\/4014"}],"wp:attachment":[{"href":"https:\/\/welstat.com\/ca\/wp-json\/wp\/v2\/media?parent=2395"}],"curies":[{"name":"wp","href":"https:\/\/api.w.org\/{rel}","templated":true}]}}