{"id":2397,"date":"2022-02-28T11:31:15","date_gmt":"2022-02-28T09:31:15","guid":{"rendered":"https:\/\/welstat.com\/maquines\/"},"modified":"2022-03-29T13:32:59","modified_gmt":"2022-03-29T11:32:59","slug":"maquines","status":"publish","type":"page","link":"https:\/\/welstat.com\/ca\/maquines\/","title":{"rendered":"M\u00e0quines"},"content":{"rendered":"\n<h1 class=\"has-text-align-center no-margin max-width\">Maquin\u00e0ria<\/h1>\n\n<p class=\"has-text-align-center has-medium-font-size\">Des de WELSTAT\u00ae, com a productors, o orgullosos distribu\u00efdors de la marca CMC It\u00e0lia\u00ae, oferim solucions per a qualsevol necessitat de producci\u00f3 de tapa i caixa folrada. Carpetes, llibres, estotjos, cofres&#8230; la nostra gamma de maquin\u00e0ria \u00e9s capa\u00e7 de donar sortida al treball que vulguis produir. <\/p>\n\n<div style=\"height:30px\" aria-hidden=\"true\" class=\"wp-block-spacer\"><\/div>\n\n<div style=\"height:48px\" aria-hidden=\"true\" class=\"wp-block-spacer mobile\"><\/div>\n\n<div class=\"wp-container-7 wp-block-group slider-wrapper arrows fixed-height\"><div class=\"wp-block-group__inner-container\">\n<figure class=\"wp-block-image size-large navigation prev\"><img loading=\"lazy\" width=\"150\" height=\"153\" src=\"https:\/\/welstat.com\/wp-content\/uploads\/2021\/04\/flecha-izq-2.png\" alt=\"\" class=\"wp-image-1873\"\/><\/figure>\n\n\n<div class=\"wp-container-6 wp-block-group slider-container\"><div class=\"wp-block-group__inner-container\">\n<div class=\"wp-container-5 wp-block-group slider arrows\"><div class=\"wp-block-group__inner-container\">\n<p class=\"items-per-screen has-huge-font-size\">1<\/p>\n\n\n\n<div class=\"wp-container-1 wp-block-group slide\"><div class=\"wp-block-group__inner-container\">\n<figure class=\"wp-block-image size-large\"><img loading=\"lazy\" width=\"1024\" height=\"882\" src=\"https:\/\/welstat.com\/wp-content\/uploads\/2022\/03\/AT2A9495B-2-1024x882.jpg\" alt=\"\" class=\"wp-image-2483\" srcset=\"https:\/\/welstat.com\/wp-content\/uploads\/2022\/03\/AT2A9495B-2-1024x882.jpg 1024w, https:\/\/welstat.com\/wp-content\/uploads\/2022\/03\/AT2A9495B-2-scaled-600x517.jpg 600w, https:\/\/welstat.com\/wp-content\/uploads\/2022\/03\/AT2A9495B-2-300x258.jpg 300w, https:\/\/welstat.com\/wp-content\/uploads\/2022\/03\/AT2A9495B-2-768x661.jpg 768w, https:\/\/welstat.com\/wp-content\/uploads\/2022\/03\/AT2A9495B-2-1536x1322.jpg 1536w, https:\/\/welstat.com\/wp-content\/uploads\/2022\/03\/AT2A9495B-2-2048x1763.jpg 2048w\" sizes=\"(max-width: 1024px) 100vw, 1024px\" \/><\/figure><\/div><\/div>\n\n\n\n<div class=\"wp-container-2 wp-block-group slide\"><div class=\"wp-block-group__inner-container\">\n<figure class=\"wp-block-image size-large\"><img loading=\"lazy\" width=\"1024\" height=\"660\" src=\"https:\/\/welstat.com\/wp-content\/uploads\/2022\/03\/AT2A9499B-1-1024x660.jpg\" alt=\"\" class=\"wp-image-2477\" srcset=\"https:\/\/welstat.com\/wp-content\/uploads\/2022\/03\/AT2A9499B-1-1024x660.jpg 1024w, https:\/\/welstat.com\/wp-content\/uploads\/2022\/03\/AT2A9499B-1-scaled-600x387.jpg 600w, https:\/\/welstat.com\/wp-content\/uploads\/2022\/03\/AT2A9499B-1-300x193.jpg 300w, https:\/\/welstat.com\/wp-content\/uploads\/2022\/03\/AT2A9499B-1-768x495.jpg 768w, https:\/\/welstat.com\/wp-content\/uploads\/2022\/03\/AT2A9499B-1-1536x990.jpg 1536w, https:\/\/welstat.com\/wp-content\/uploads\/2022\/03\/AT2A9499B-1-2048x1320.jpg 2048w\" sizes=\"(max-width: 1024px) 100vw, 1024px\" \/><\/figure><\/div><\/div>\n\n\n\n<div class=\"wp-container-3 wp-block-group slide\"><div class=\"wp-block-group__inner-container\">\n<figure class=\"wp-block-image size-large\"><img loading=\"lazy\" width=\"1024\" height=\"681\" src=\"https:\/\/welstat.com\/wp-content\/uploads\/2022\/03\/AT2A9502B-1-1024x681.jpg\" alt=\"\" class=\"wp-image-2486\" srcset=\"https:\/\/welstat.com\/wp-content\/uploads\/2022\/03\/AT2A9502B-1-1024x681.jpg 1024w, https:\/\/welstat.com\/wp-content\/uploads\/2022\/03\/AT2A9502B-1-scaled-600x399.jpg 600w, https:\/\/welstat.com\/wp-content\/uploads\/2022\/03\/AT2A9502B-1-300x200.jpg 300w, https:\/\/welstat.com\/wp-content\/uploads\/2022\/03\/AT2A9502B-1-768x511.jpg 768w, https:\/\/welstat.com\/wp-content\/uploads\/2022\/03\/AT2A9502B-1-1536x1022.jpg 1536w, https:\/\/welstat.com\/wp-content\/uploads\/2022\/03\/AT2A9502B-1-2048x1362.jpg 2048w\" sizes=\"(max-width: 1024px) 100vw, 1024px\" \/><\/figure><\/div><\/div>\n\n\n\n<div class=\"wp-container-4 wp-block-group slide\"><div class=\"wp-block-group__inner-container\">\n<figure class=\"wp-block-image size-large\"><img loading=\"lazy\" width=\"1024\" height=\"624\" src=\"https:\/\/welstat.com\/wp-content\/uploads\/2022\/03\/AT2A9504B-1-1024x624.jpg\" alt=\"\" class=\"wp-image-2489\" srcset=\"https:\/\/welstat.com\/wp-content\/uploads\/2022\/03\/AT2A9504B-1-1024x624.jpg 1024w, https:\/\/welstat.com\/wp-content\/uploads\/2022\/03\/AT2A9504B-1-scaled-600x366.jpg 600w, https:\/\/welstat.com\/wp-content\/uploads\/2022\/03\/AT2A9504B-1-300x183.jpg 300w, https:\/\/welstat.com\/wp-content\/uploads\/2022\/03\/AT2A9504B-1-768x468.jpg 768w, https:\/\/welstat.com\/wp-content\/uploads\/2022\/03\/AT2A9504B-1-1536x936.jpg 1536w, https:\/\/welstat.com\/wp-content\/uploads\/2022\/03\/AT2A9504B-1-2048x1248.jpg 2048w\" sizes=\"(max-width: 1024px) 100vw, 1024px\" \/><\/figure><\/div><\/div>\n<\/div><\/div>\n<\/div><\/div>\n\n\n\n<figure class=\"wp-block-image size-large navigation next\"><img loading=\"lazy\" width=\"150\" height=\"153\" src=\"https:\/\/welstat.com\/wp-content\/uploads\/2021\/04\/flecha-derecha.png\" alt=\"\" class=\"wp-image-1869\"\/><\/figure><\/div><\/div>\n\n<div style=\"height:40px\" aria-hidden=\"true\" class=\"wp-block-spacer\"><\/div>\n\n<div class=\"wp-container-26 wp-block-group img-background full-width\"><div class=\"wp-block-group__inner-container\">\n<div class=\"wp-container-25 wp-block-group content-block\"><div class=\"wp-block-group__inner-container\">\n<div class=\"wp-container-24 wp-block-group content-block\"><div class=\"wp-block-group__inner-container\">\n<div class=\"wp-container-23 wp-block-columns maquinas-blocks padding-sides\">\n<div class=\"wp-container-12 wp-block-column\">\n<div class=\"wp-container-11 wp-block-group maquina-block\"><div class=\"wp-block-group__inner-container\">\n<div class=\"wp-container-10 wp-block-columns are-vertically-aligned-center\">\n<div class=\"wp-container-8 wp-block-column is-vertically-aligned-center\" style=\"flex-basis:35%\">\n<figure class=\"wp-block-image size-full\"><img loading=\"lazy\" width=\"500\" height=\"500\" src=\"https:\/\/welstat.com\/wp-content\/uploads\/2022\/01\/packaging-png.png\" alt=\"\" class=\"wp-image-2323\" srcset=\"https:\/\/welstat.com\/wp-content\/uploads\/2022\/01\/packaging-png.png 500w, https:\/\/welstat.com\/wp-content\/uploads\/2022\/01\/packaging-png-300x300.png 300w, https:\/\/welstat.com\/wp-content\/uploads\/2022\/01\/packaging-png-100x100.png 100w, https:\/\/welstat.com\/wp-content\/uploads\/2022\/01\/packaging-png-150x150.png 150w\" sizes=\"(max-width: 500px) 100vw, 500px\" \/><\/figure><\/div>\n\n\n\n<div class=\"wp-container-9 wp-block-column is-vertically-aligned-center text\">\n<p><a href=\"https:\/\/welstat.com\/ca\/maquines\/maquinaria-packaging\/\"><strong>Maquin\u00e0ria<\/strong><br\/><strong>Packaging<\/strong><\/a><\/p>\n\n\n\n<p class=\"has-small-font-size\"><a href=\"https:\/\/welstat.com\/ca\/maquines\/maquinaria-packaging\/\" data-type=\"page\">Fresat, segellat i folrat de caixes<\/a><\/p>\n<\/div>\n<\/div>\n<\/div><\/div>\n<\/div>\n\n\n\n<div class=\"wp-container-17 wp-block-column is-vertically-aligned-center\">\n<div class=\"wp-container-16 wp-block-group maquina-block\"><div class=\"wp-block-group__inner-container\">\n<div class=\"wp-container-15 wp-block-columns are-vertically-aligned-center\">\n<div class=\"wp-container-13 wp-block-column is-vertically-aligned-center\" style=\"flex-basis:35%\">\n<figure class=\"wp-block-image size-large\"><a href=\"https:\/\/welstat.com\/ca\/maquines\/maquinaria-revisada\/\"><img loading=\"lazy\" width=\"500\" height=\"500\" src=\"https:\/\/welstat.com\/wp-content\/uploads\/2021\/04\/maquinaria-revisada-2.png\" alt=\"\" class=\"wp-image-1851\" srcset=\"https:\/\/welstat.com\/wp-content\/uploads\/2021\/04\/maquinaria-revisada-2.png 500w, https:\/\/welstat.com\/wp-content\/uploads\/2021\/04\/maquinaria-revisada-2-300x300.png 300w, https:\/\/welstat.com\/wp-content\/uploads\/2021\/04\/maquinaria-revisada-2-100x100.png 100w, https:\/\/welstat.com\/wp-content\/uploads\/2021\/04\/maquinaria-revisada-2-150x150.png 150w\" sizes=\"(max-width: 500px) 100vw, 500px\" \/><\/a><\/figure><\/div>\n\n\n\n<div class=\"wp-container-14 wp-block-column is-vertically-aligned-center text\">\n<p><a href=\"https:\/\/welstat.com\/ca\/maquines\/maquinaria-revisada\/\" data-type=\"page\"><strong>Maquin\u00e0ria<\/strong><\/a><br\/><a href=\"https:\/\/welstat.com\/ca\/maquines\/maquinaria-revisada\/\" data-type=\"page\"><strong>Revisada<\/strong><\/a><\/p>\n\n\n\n<p class=\"has-small-font-size\"><a href=\"https:\/\/welstat.com\/ca\/maquines\/maquinaria-revisada\/\" data-type=\"page\">Ofertes \u00faniques, revisades i garantides<\/a><\/p>\n<\/div>\n<\/div>\n<\/div><\/div>\n<\/div>\n\n\n\n<div class=\"wp-container-22 wp-block-column is-vertically-aligned-center\">\n<div class=\"wp-container-21 wp-block-group maquina-block\"><div class=\"wp-block-group__inner-container\">\n<div class=\"wp-container-20 wp-block-columns are-vertically-aligned-center\">\n<div class=\"wp-container-18 wp-block-column is-vertically-aligned-center\" style=\"flex-basis:35%\">\n<figure class=\"wp-block-image size-full\"><img loading=\"lazy\" width=\"500\" height=\"500\" src=\"https:\/\/welstat.com\/wp-content\/uploads\/2022\/01\/carpeteria-png.png\" alt=\"\" class=\"wp-image-2325\" srcset=\"https:\/\/welstat.com\/wp-content\/uploads\/2022\/01\/carpeteria-png.png 500w, https:\/\/welstat.com\/wp-content\/uploads\/2022\/01\/carpeteria-png-300x300.png 300w, https:\/\/welstat.com\/wp-content\/uploads\/2022\/01\/carpeteria-png-100x100.png 100w, https:\/\/welstat.com\/wp-content\/uploads\/2022\/01\/carpeteria-png-150x150.png 150w\" sizes=\"(max-width: 500px) 100vw, 500px\" \/><\/figure><\/div>\n\n\n\n<div class=\"wp-container-19 wp-block-column is-vertically-aligned-center text\">\n<p><a href=\"https:\/\/welstat.com\/ca\/maquines\/maquinaria-carpeteria\/\" data-type=\"page\"><strong>Maquin\u00e0ria<\/strong><\/a><br\/><a href=\"https:\/\/welstat.com\/ca\/maquines\/maquinaria-carpeteria\/\" data-type=\"page\"><strong>Carpeteter\u00eda<\/strong><\/a><\/p>\n\n\n\n<p class=\"has-small-font-size\"><a href=\"https:\/\/welstat.com\/ca\/maquines\/maquinaria-carpeteria\/\" data-type=\"page\">Distribu\u00efdors de CMC ITALIA <\/a><\/p>\n<\/div>\n<\/div>\n<\/div><\/div>\n<\/div>\n<\/div>\n<\/div><\/div>\n<\/div><\/div>\n<\/div><\/div>\n\n<div style=\"height:40px\" aria-hidden=\"true\" class=\"wp-block-spacer\"><\/div>\n","protected":false},"excerpt":{"rendered":"<p>Maquin\u00e0ria Des de WELSTAT\u00ae, com a productors, o orgullosos distribu\u00efdors de la marca CMC It\u00e0lia\u00ae, oferim [&hellip;]<\/p>\n","protected":false},"author":1,"featured_media":0,"parent":0,"menu_order":0,"comment_status":"closed","ping_status":"closed","template":"","meta":[],"_links":{"self":[{"href":"https:\/\/welstat.com\/ca\/wp-json\/wp\/v2\/pages\/2397"}],"collection":[{"href":"https:\/\/welstat.com\/ca\/wp-json\/wp\/v2\/pages"}],"about":[{"href":"https:\/\/welstat.com\/ca\/wp-json\/wp\/v2\/types\/page"}],"author":[{"embeddable":true,"href":"https:\/\/welstat.com\/ca\/wp-json\/wp\/v2\/users\/1"}],"replies":[{"embeddable":true,"href":"https:\/\/welstat.com\/ca\/wp-json\/wp\/v2\/comments?post=2397"}],"version-history":[{"count":3,"href":"https:\/\/welstat.com\/ca\/wp-json\/wp\/v2\/pages\/2397\/revisions"}],"predecessor-version":[{"id":2602,"href":"https:\/\/welstat.com\/ca\/wp-json\/wp\/v2\/pages\/2397\/revisions\/2602"}],"wp:attachment":[{"href":"https:\/\/welstat.com\/ca\/wp-json\/wp\/v2\/media?parent=2397"}],"curies":[{"name":"wp","href":"https:\/\/api.w.org\/{rel}","templated":true}]}}