{"id":2404,"date":"2022-03-03T13:20:03","date_gmt":"2022-03-03T11:20:03","guid":{"rendered":"https:\/\/welstat.com\/maquines\/maquinaria-revisada\/"},"modified":"2022-03-30T12:12:10","modified_gmt":"2022-03-30T10:12:10","slug":"maquinaria-revisada","status":"publish","type":"page","link":"https:\/\/welstat.com\/ca\/maquines\/maquinaria-revisada\/","title":{"rendered":"Maquin\u00e0ria Revisada"},"content":{"rendered":"\n<div style=\"height:25px\" aria-hidden=\"true\" class=\"wp-block-spacer\"><\/div>\n\n<h1 class=\"has-text-align-center\">Maquin\u00e0ria revisada<\/h1>\n\n<p><\/p>\n\n<p class=\"has-text-align-center has-medium-font-size\">A WELSTAT disposem d&#8217;una gamma de m\u00e0quines seminoves CMC It\u00e0lia. <\/p>\n\n<p class=\"has-text-align-center has-medium-font-size\">Subscriu-te a nostra newsletter per a estar al dia de les nostres novetats d&#8217;entrada de maquin\u00e0ria revisada, o accedeix al nostre llistat per a comprovar la nostra oferta disponible actualment. <\/p>\n\n<div style=\"height:10px\" aria-hidden=\"true\" class=\"wp-block-spacer\"><\/div>\n\n<div class=\"wp-container-1 is-horizontal is-content-justification-center wp-block-buttons\">\n<div class=\"wp-block-button\"><a class=\"wp-block-button__link\" href=\"#newsletter\">Subscriu-te<\/a><\/div>\n\n\n\n<div class=\"wp-block-button\"><a class=\"wp-block-button__link\" href=\"https:\/\/welstat.com\/ca\/categoria-producto\/maquinaria-seminova\/\" target=\"_blank\" rel=\"noreferrer noopener\">Llistat Oferta Revisada<\/a><\/div>\n\n\n\n<div class=\"wp-block-button\"><a class=\"wp-block-button__link\" href=\"https:\/\/welstat.com\/ca\/contacte\/\" target=\"_blank\" rel=\"noreferrer noopener\">Contacte<\/a><\/div>\n<\/div>\n\n<div style=\"height:100px\" aria-hidden=\"true\" class=\"wp-block-spacer\"><\/div>\n\n<div class=\"wp-container-4 wp-block-columns max-width cols-no-margin\">\n<div class=\"wp-container-2 wp-block-column\">\n<p class=\"has-text-align-left menu-element-elementum\"><a href=\"#heliomat\">Encoladora Heliomat<\/a><\/p>\n<\/div>\n\n\n\n<div class=\"wp-container-3 wp-block-column\">\n<p class=\"has-text-align-left menu-element-elementum\"><a href=\"#virgo\">Rebordejadora Virgo<\/a><\/p>\n<\/div>\n<\/div>\n\n<div style=\"height:100px\" aria-hidden=\"true\" id=\"heliomat\" class=\"wp-block-spacer\"><\/div>\n\n<h2 class=\"has-text-align-center\">Proc\u00e8s Revisi\u00f3 Encoladora Heliomat<\/h2>\n\n<div style=\"height:80px\" aria-hidden=\"true\" class=\"wp-block-spacer\"><\/div>\n\n<div class=\"wp-container-7 wp-block-group slider-wrapper arrows max-width fixed-height\"><div class=\"wp-block-group__inner-container\">\n<figure class=\"wp-block-image size-large navigation prev\"><img loading=\"lazy\" width=\"150\" height=\"153\" src=\"https:\/\/welstat.com\/wp-content\/uploads\/2021\/04\/flecha-izq-2.png\" alt=\"\" class=\"wp-image-1873\"\/><\/figure>\n\n\n<div class=\"wp-container-6 wp-block-group slider-container\"><div class=\"wp-block-group__inner-container\">\n<div class=\"wp-container-5 wp-block-group slider arrows\"><div class=\"wp-block-group__inner-container\">\n<p class=\"items-per-screen has-huge-font-size\">1<\/p>\n\n\n\n<figure class=\"wp-block-image size-large slide\"><img loading=\"lazy\" width=\"1000\" height=\"750\" src=\"https:\/\/welstat.com\/wp-content\/uploads\/2021\/04\/IMG_0078.jpg\" alt=\"\" class=\"wp-image-1897\" srcset=\"https:\/\/welstat.com\/wp-content\/uploads\/2021\/04\/IMG_0078.jpg 1000w, https:\/\/welstat.com\/wp-content\/uploads\/2021\/04\/IMG_0078-600x450.jpg 600w, https:\/\/welstat.com\/wp-content\/uploads\/2021\/04\/IMG_0078-300x225.jpg 300w, https:\/\/welstat.com\/wp-content\/uploads\/2021\/04\/IMG_0078-768x576.jpg 768w\" sizes=\"(max-width: 1000px) 100vw, 1000px\" \/><\/figure>\n\n\n<figure class=\"wp-block-image size-large slide\"><img loading=\"lazy\" width=\"1000\" height=\"750\" src=\"https:\/\/welstat.com\/wp-content\/uploads\/2021\/04\/IMG_0080.jpg\" alt=\"\" class=\"wp-image-1899\" srcset=\"https:\/\/welstat.com\/wp-content\/uploads\/2021\/04\/IMG_0080.jpg 1000w, https:\/\/welstat.com\/wp-content\/uploads\/2021\/04\/IMG_0080-600x450.jpg 600w, https:\/\/welstat.com\/wp-content\/uploads\/2021\/04\/IMG_0080-300x225.jpg 300w, https:\/\/welstat.com\/wp-content\/uploads\/2021\/04\/IMG_0080-768x576.jpg 768w\" sizes=\"(max-width: 1000px) 100vw, 1000px\" \/><\/figure>\n\n\n<figure class=\"wp-block-image size-large slide\"><img loading=\"lazy\" width=\"1000\" height=\"750\" src=\"https:\/\/welstat.com\/wp-content\/uploads\/2021\/04\/IMG_0081.jpg\" alt=\"\" class=\"wp-image-1901\" srcset=\"https:\/\/welstat.com\/wp-content\/uploads\/2021\/04\/IMG_0081.jpg 1000w, https:\/\/welstat.com\/wp-content\/uploads\/2021\/04\/IMG_0081-600x450.jpg 600w, https:\/\/welstat.com\/wp-content\/uploads\/2021\/04\/IMG_0081-300x225.jpg 300w, https:\/\/welstat.com\/wp-content\/uploads\/2021\/04\/IMG_0081-768x576.jpg 768w\" sizes=\"(max-width: 1000px) 100vw, 1000px\" \/><\/figure>\n\n\n<figure class=\"wp-block-image size-large slide\"><img loading=\"lazy\" width=\"1000\" height=\"750\" src=\"https:\/\/welstat.com\/wp-content\/uploads\/2021\/04\/IMG_0138.jpg\" alt=\"\" class=\"wp-image-1903\" srcset=\"https:\/\/welstat.com\/wp-content\/uploads\/2021\/04\/IMG_0138.jpg 1000w, https:\/\/welstat.com\/wp-content\/uploads\/2021\/04\/IMG_0138-600x450.jpg 600w, https:\/\/welstat.com\/wp-content\/uploads\/2021\/04\/IMG_0138-300x225.jpg 300w, https:\/\/welstat.com\/wp-content\/uploads\/2021\/04\/IMG_0138-768x576.jpg 768w\" sizes=\"(max-width: 1000px) 100vw, 1000px\" \/><\/figure>\n\n\n<figure class=\"wp-block-image size-large slide\"><img loading=\"lazy\" width=\"1000\" height=\"750\" src=\"https:\/\/welstat.com\/wp-content\/uploads\/2021\/04\/IMG_0139.jpg\" alt=\"\" class=\"wp-image-1905\" srcset=\"https:\/\/welstat.com\/wp-content\/uploads\/2021\/04\/IMG_0139.jpg 1000w, https:\/\/welstat.com\/wp-content\/uploads\/2021\/04\/IMG_0139-600x450.jpg 600w, https:\/\/welstat.com\/wp-content\/uploads\/2021\/04\/IMG_0139-300x225.jpg 300w, https:\/\/welstat.com\/wp-content\/uploads\/2021\/04\/IMG_0139-768x576.jpg 768w\" sizes=\"(max-width: 1000px) 100vw, 1000px\" \/><\/figure>\n\n\n<figure class=\"wp-block-image size-large slide\"><img loading=\"lazy\" width=\"1000\" height=\"750\" src=\"https:\/\/welstat.com\/wp-content\/uploads\/2021\/04\/IMG_0140.jpg\" alt=\"\" class=\"wp-image-1907\" srcset=\"https:\/\/welstat.com\/wp-content\/uploads\/2021\/04\/IMG_0140.jpg 1000w, https:\/\/welstat.com\/wp-content\/uploads\/2021\/04\/IMG_0140-600x450.jpg 600w, https:\/\/welstat.com\/wp-content\/uploads\/2021\/04\/IMG_0140-300x225.jpg 300w, https:\/\/welstat.com\/wp-content\/uploads\/2021\/04\/IMG_0140-768x576.jpg 768w\" sizes=\"(max-width: 1000px) 100vw, 1000px\" \/><\/figure>\n\n\n<figure class=\"wp-block-image size-large slide\"><img loading=\"lazy\" width=\"1000\" height=\"750\" src=\"https:\/\/welstat.com\/wp-content\/uploads\/2021\/04\/IMG_0153.jpg\" alt=\"\" class=\"wp-image-1909\" srcset=\"https:\/\/welstat.com\/wp-content\/uploads\/2021\/04\/IMG_0153.jpg 1000w, https:\/\/welstat.com\/wp-content\/uploads\/2021\/04\/IMG_0153-600x450.jpg 600w, https:\/\/welstat.com\/wp-content\/uploads\/2021\/04\/IMG_0153-300x225.jpg 300w, https:\/\/welstat.com\/wp-content\/uploads\/2021\/04\/IMG_0153-768x576.jpg 768w\" sizes=\"(max-width: 1000px) 100vw, 1000px\" \/><\/figure>\n\n\n<figure class=\"wp-block-image size-large slide\"><img loading=\"lazy\" width=\"750\" height=\"1000\" src=\"https:\/\/welstat.com\/wp-content\/uploads\/2021\/04\/IMG_0154.jpg\" alt=\"\" class=\"wp-image-1911\" srcset=\"https:\/\/welstat.com\/wp-content\/uploads\/2021\/04\/IMG_0154.jpg 750w, https:\/\/welstat.com\/wp-content\/uploads\/2021\/04\/IMG_0154-600x800.jpg 600w, https:\/\/welstat.com\/wp-content\/uploads\/2021\/04\/IMG_0154-225x300.jpg 225w\" sizes=\"(max-width: 750px) 100vw, 750px\" \/><\/figure>\n\n\n<figure class=\"wp-block-image size-large slide\"><img loading=\"lazy\" width=\"1000\" height=\"750\" src=\"https:\/\/welstat.com\/wp-content\/uploads\/2021\/04\/IMG_0155.jpg\" alt=\"\" class=\"wp-image-1913\" srcset=\"https:\/\/welstat.com\/wp-content\/uploads\/2021\/04\/IMG_0155.jpg 1000w, https:\/\/welstat.com\/wp-content\/uploads\/2021\/04\/IMG_0155-600x450.jpg 600w, https:\/\/welstat.com\/wp-content\/uploads\/2021\/04\/IMG_0155-300x225.jpg 300w, https:\/\/welstat.com\/wp-content\/uploads\/2021\/04\/IMG_0155-768x576.jpg 768w\" sizes=\"(max-width: 1000px) 100vw, 1000px\" \/><\/figure>\n\n\n<figure class=\"wp-block-image size-large slide\"><img loading=\"lazy\" width=\"750\" height=\"1000\" src=\"https:\/\/welstat.com\/wp-content\/uploads\/2021\/04\/IMG_0156.jpg\" alt=\"\" class=\"wp-image-1915\" srcset=\"https:\/\/welstat.com\/wp-content\/uploads\/2021\/04\/IMG_0156.jpg 750w, https:\/\/welstat.com\/wp-content\/uploads\/2021\/04\/IMG_0156-600x800.jpg 600w, https:\/\/welstat.com\/wp-content\/uploads\/2021\/04\/IMG_0156-225x300.jpg 225w\" sizes=\"(max-width: 750px) 100vw, 750px\" \/><\/figure>\n\n\n<figure class=\"wp-block-image size-large slide\"><img loading=\"lazy\" width=\"1000\" height=\"750\" src=\"https:\/\/welstat.com\/wp-content\/uploads\/2021\/04\/IMG_0157.jpg\" alt=\"\" class=\"wp-image-1917\" srcset=\"https:\/\/welstat.com\/wp-content\/uploads\/2021\/04\/IMG_0157.jpg 1000w, https:\/\/welstat.com\/wp-content\/uploads\/2021\/04\/IMG_0157-600x450.jpg 600w, https:\/\/welstat.com\/wp-content\/uploads\/2021\/04\/IMG_0157-300x225.jpg 300w, https:\/\/welstat.com\/wp-content\/uploads\/2021\/04\/IMG_0157-768x576.jpg 768w\" sizes=\"(max-width: 1000px) 100vw, 1000px\" \/><\/figure>\n\n\n<figure class=\"wp-block-image size-large slide\"><img loading=\"lazy\" width=\"1000\" height=\"750\" src=\"https:\/\/welstat.com\/wp-content\/uploads\/2021\/04\/IMG_0158.jpg\" alt=\"\" class=\"wp-image-1919\" srcset=\"https:\/\/welstat.com\/wp-content\/uploads\/2021\/04\/IMG_0158.jpg 1000w, https:\/\/welstat.com\/wp-content\/uploads\/2021\/04\/IMG_0158-600x450.jpg 600w, https:\/\/welstat.com\/wp-content\/uploads\/2021\/04\/IMG_0158-300x225.jpg 300w, https:\/\/welstat.com\/wp-content\/uploads\/2021\/04\/IMG_0158-768x576.jpg 768w\" sizes=\"(max-width: 1000px) 100vw, 1000px\" \/><\/figure>\n\n\n<figure class=\"wp-block-image size-large slide\"><img loading=\"lazy\" width=\"750\" height=\"1000\" src=\"https:\/\/welstat.com\/wp-content\/uploads\/2021\/04\/IMG_0159.jpg\" alt=\"\" class=\"wp-image-1921\" srcset=\"https:\/\/welstat.com\/wp-content\/uploads\/2021\/04\/IMG_0159.jpg 750w, https:\/\/welstat.com\/wp-content\/uploads\/2021\/04\/IMG_0159-600x800.jpg 600w, https:\/\/welstat.com\/wp-content\/uploads\/2021\/04\/IMG_0159-225x300.jpg 225w\" sizes=\"(max-width: 750px) 100vw, 750px\" \/><\/figure>\n\n\n<figure class=\"wp-block-image size-large slide\"><img loading=\"lazy\" width=\"1000\" height=\"750\" src=\"https:\/\/welstat.com\/wp-content\/uploads\/2021\/04\/IMG_0160.jpg\" alt=\"\" class=\"wp-image-1923\" srcset=\"https:\/\/welstat.com\/wp-content\/uploads\/2021\/04\/IMG_0160.jpg 1000w, https:\/\/welstat.com\/wp-content\/uploads\/2021\/04\/IMG_0160-600x450.jpg 600w, https:\/\/welstat.com\/wp-content\/uploads\/2021\/04\/IMG_0160-300x225.jpg 300w, https:\/\/welstat.com\/wp-content\/uploads\/2021\/04\/IMG_0160-768x576.jpg 768w\" sizes=\"(max-width: 1000px) 100vw, 1000px\" \/><\/figure>\n\n\n<figure class=\"wp-block-image size-large slide\"><img loading=\"lazy\" width=\"750\" height=\"1000\" src=\"https:\/\/welstat.com\/wp-content\/uploads\/2021\/04\/IMG_0325.jpg\" alt=\"\" class=\"wp-image-1925\" srcset=\"https:\/\/welstat.com\/wp-content\/uploads\/2021\/04\/IMG_0325.jpg 750w, https:\/\/welstat.com\/wp-content\/uploads\/2021\/04\/IMG_0325-600x800.jpg 600w, https:\/\/welstat.com\/wp-content\/uploads\/2021\/04\/IMG_0325-225x300.jpg 225w\" sizes=\"(max-width: 750px) 100vw, 750px\" \/><\/figure>\n\n\n<figure class=\"wp-block-image size-large slide\"><img loading=\"lazy\" width=\"750\" height=\"1000\" src=\"https:\/\/welstat.com\/wp-content\/uploads\/2021\/04\/IMG_0326.jpg\" alt=\"\" class=\"wp-image-1927\" srcset=\"https:\/\/welstat.com\/wp-content\/uploads\/2021\/04\/IMG_0326.jpg 750w, https:\/\/welstat.com\/wp-content\/uploads\/2021\/04\/IMG_0326-600x800.jpg 600w, https:\/\/welstat.com\/wp-content\/uploads\/2021\/04\/IMG_0326-225x300.jpg 225w\" sizes=\"(max-width: 750px) 100vw, 750px\" \/><\/figure>\n\n\n<figure class=\"wp-block-image size-large slide\"><img loading=\"lazy\" width=\"1000\" height=\"750\" src=\"https:\/\/welstat.com\/wp-content\/uploads\/2021\/04\/IMG_0327.jpg\" alt=\"\" class=\"wp-image-1929\" srcset=\"https:\/\/welstat.com\/wp-content\/uploads\/2021\/04\/IMG_0327.jpg 1000w, https:\/\/welstat.com\/wp-content\/uploads\/2021\/04\/IMG_0327-600x450.jpg 600w, https:\/\/welstat.com\/wp-content\/uploads\/2021\/04\/IMG_0327-300x225.jpg 300w, https:\/\/welstat.com\/wp-content\/uploads\/2021\/04\/IMG_0327-768x576.jpg 768w\" sizes=\"(max-width: 1000px) 100vw, 1000px\" \/><\/figure>\n\n\n<figure class=\"wp-block-image size-large slide\"><img loading=\"lazy\" width=\"750\" height=\"1000\" src=\"https:\/\/welstat.com\/wp-content\/uploads\/2021\/04\/IMG_0328.jpg\" alt=\"\" class=\"wp-image-1931\" srcset=\"https:\/\/welstat.com\/wp-content\/uploads\/2021\/04\/IMG_0328.jpg 750w, https:\/\/welstat.com\/wp-content\/uploads\/2021\/04\/IMG_0328-600x800.jpg 600w, https:\/\/welstat.com\/wp-content\/uploads\/2021\/04\/IMG_0328-225x300.jpg 225w\" sizes=\"(max-width: 750px) 100vw, 750px\" \/><\/figure>\n\n\n<figure class=\"wp-block-image size-large slide\"><img loading=\"lazy\" width=\"750\" height=\"1000\" src=\"https:\/\/welstat.com\/wp-content\/uploads\/2021\/04\/IMG_0329.jpg\" alt=\"\" class=\"wp-image-1933\" srcset=\"https:\/\/welstat.com\/wp-content\/uploads\/2021\/04\/IMG_0329.jpg 750w, https:\/\/welstat.com\/wp-content\/uploads\/2021\/04\/IMG_0329-600x800.jpg 600w, https:\/\/welstat.com\/wp-content\/uploads\/2021\/04\/IMG_0329-225x300.jpg 225w\" sizes=\"(max-width: 750px) 100vw, 750px\" \/><\/figure>\n\n\n<figure class=\"wp-block-image size-large slide\"><img loading=\"lazy\" width=\"750\" height=\"1000\" src=\"https:\/\/welstat.com\/wp-content\/uploads\/2021\/04\/IMG_0333.jpg\" alt=\"\" class=\"wp-image-1935\" srcset=\"https:\/\/welstat.com\/wp-content\/uploads\/2021\/04\/IMG_0333.jpg 750w, https:\/\/welstat.com\/wp-content\/uploads\/2021\/04\/IMG_0333-600x800.jpg 600w, https:\/\/welstat.com\/wp-content\/uploads\/2021\/04\/IMG_0333-225x300.jpg 225w\" sizes=\"(max-width: 750px) 100vw, 750px\" \/><\/figure><\/div><\/div>\n<\/div><\/div>\n\n\n\n<figure class=\"wp-block-image size-large navigation next\"><img loading=\"lazy\" width=\"150\" height=\"153\" src=\"https:\/\/welstat.com\/wp-content\/uploads\/2021\/04\/flecha-derecha.png\" alt=\"\" class=\"wp-image-1869\"\/><\/figure><\/div><\/div>\n\n<div style=\"height:100px\" aria-hidden=\"true\" id=\"virgo\" class=\"wp-block-spacer\"><\/div>\n\n<h2 class=\"has-text-align-center\">Proc\u00e8s Revisi\u00f3 Rebordejadora Virgo<\/h2>\n\n<div style=\"height:23px\" aria-hidden=\"true\" class=\"wp-block-spacer\"><\/div>\n\n<div class=\"wp-container-10 wp-block-group slider-wrapper arrows max-width fixed-height\"><div class=\"wp-block-group__inner-container\">\n<figure class=\"wp-block-image size-large navigation prev\"><img loading=\"lazy\" width=\"150\" height=\"153\" src=\"https:\/\/welstat.com\/wp-content\/uploads\/2021\/04\/flecha-izq-2.png\" alt=\"\" class=\"wp-image-1873\"\/><\/figure>\n\n\n<div class=\"wp-container-9 wp-block-group slider-container\"><div class=\"wp-block-group__inner-container\">\n<div class=\"wp-container-8 wp-block-group slider arrows\"><div class=\"wp-block-group__inner-container\">\n<p class=\"items-per-screen has-huge-font-size\">1<\/p>\n\n\n\n<figure class=\"wp-block-image size-large slide\"><img loading=\"lazy\" width=\"1000\" height=\"750\" src=\"https:\/\/welstat.com\/wp-content\/uploads\/2021\/04\/IMG_0284.jpg\" alt=\"\" class=\"wp-image-1937\" srcset=\"https:\/\/welstat.com\/wp-content\/uploads\/2021\/04\/IMG_0284.jpg 1000w, https:\/\/welstat.com\/wp-content\/uploads\/2021\/04\/IMG_0284-600x450.jpg 600w, https:\/\/welstat.com\/wp-content\/uploads\/2021\/04\/IMG_0284-300x225.jpg 300w, https:\/\/welstat.com\/wp-content\/uploads\/2021\/04\/IMG_0284-768x576.jpg 768w\" sizes=\"(max-width: 1000px) 100vw, 1000px\" \/><\/figure>\n\n\n<figure class=\"wp-block-image size-large slide\"><img loading=\"lazy\" width=\"1000\" height=\"750\" src=\"https:\/\/welstat.com\/wp-content\/uploads\/2021\/04\/IMG_0285.jpg\" alt=\"\" class=\"wp-image-1939\" srcset=\"https:\/\/welstat.com\/wp-content\/uploads\/2021\/04\/IMG_0285.jpg 1000w, https:\/\/welstat.com\/wp-content\/uploads\/2021\/04\/IMG_0285-600x450.jpg 600w, https:\/\/welstat.com\/wp-content\/uploads\/2021\/04\/IMG_0285-300x225.jpg 300w, https:\/\/welstat.com\/wp-content\/uploads\/2021\/04\/IMG_0285-768x576.jpg 768w\" sizes=\"(max-width: 1000px) 100vw, 1000px\" \/><\/figure>\n\n\n<figure class=\"wp-block-image size-large slide\"><img loading=\"lazy\" width=\"1000\" height=\"750\" src=\"https:\/\/welstat.com\/wp-content\/uploads\/2021\/04\/IMG_0286.jpg\" alt=\"\" class=\"wp-image-1941\" srcset=\"https:\/\/welstat.com\/wp-content\/uploads\/2021\/04\/IMG_0286.jpg 1000w, https:\/\/welstat.com\/wp-content\/uploads\/2021\/04\/IMG_0286-600x450.jpg 600w, https:\/\/welstat.com\/wp-content\/uploads\/2021\/04\/IMG_0286-300x225.jpg 300w, https:\/\/welstat.com\/wp-content\/uploads\/2021\/04\/IMG_0286-768x576.jpg 768w\" sizes=\"(max-width: 1000px) 100vw, 1000px\" \/><\/figure>\n\n\n<figure class=\"wp-block-image size-large slide\"><img loading=\"lazy\" width=\"1000\" height=\"750\" src=\"https:\/\/welstat.com\/wp-content\/uploads\/2021\/04\/IMG_0287.jpg\" alt=\"\" class=\"wp-image-1943\" srcset=\"https:\/\/welstat.com\/wp-content\/uploads\/2021\/04\/IMG_0287.jpg 1000w, https:\/\/welstat.com\/wp-content\/uploads\/2021\/04\/IMG_0287-600x450.jpg 600w, https:\/\/welstat.com\/wp-content\/uploads\/2021\/04\/IMG_0287-300x225.jpg 300w, https:\/\/welstat.com\/wp-content\/uploads\/2021\/04\/IMG_0287-768x576.jpg 768w\" sizes=\"(max-width: 1000px) 100vw, 1000px\" \/><\/figure>\n\n\n<figure class=\"wp-block-image size-large slide\"><img loading=\"lazy\" width=\"1000\" height=\"750\" src=\"https:\/\/welstat.com\/wp-content\/uploads\/2021\/04\/IMG_0288.jpg\" alt=\"\" class=\"wp-image-1945\" srcset=\"https:\/\/welstat.com\/wp-content\/uploads\/2021\/04\/IMG_0288.jpg 1000w, https:\/\/welstat.com\/wp-content\/uploads\/2021\/04\/IMG_0288-600x450.jpg 600w, https:\/\/welstat.com\/wp-content\/uploads\/2021\/04\/IMG_0288-300x225.jpg 300w, https:\/\/welstat.com\/wp-content\/uploads\/2021\/04\/IMG_0288-768x576.jpg 768w\" sizes=\"(max-width: 1000px) 100vw, 1000px\" \/><\/figure>\n\n\n<figure class=\"wp-block-image size-large slide\"><img loading=\"lazy\" width=\"1000\" height=\"750\" src=\"https:\/\/welstat.com\/wp-content\/uploads\/2021\/04\/IMG_0330.jpg\" alt=\"\" class=\"wp-image-1947\" srcset=\"https:\/\/welstat.com\/wp-content\/uploads\/2021\/04\/IMG_0330.jpg 1000w, https:\/\/welstat.com\/wp-content\/uploads\/2021\/04\/IMG_0330-600x450.jpg 600w, https:\/\/welstat.com\/wp-content\/uploads\/2021\/04\/IMG_0330-300x225.jpg 300w, https:\/\/welstat.com\/wp-content\/uploads\/2021\/04\/IMG_0330-768x576.jpg 768w\" sizes=\"(max-width: 1000px) 100vw, 1000px\" \/><\/figure>\n\n\n<figure class=\"wp-block-image size-large slide\"><img loading=\"lazy\" width=\"750\" height=\"1000\" src=\"https:\/\/welstat.com\/wp-content\/uploads\/2021\/04\/IMG_0331.jpg\" alt=\"\" class=\"wp-image-1949\" srcset=\"https:\/\/welstat.com\/wp-content\/uploads\/2021\/04\/IMG_0331.jpg 750w, https:\/\/welstat.com\/wp-content\/uploads\/2021\/04\/IMG_0331-600x800.jpg 600w, https:\/\/welstat.com\/wp-content\/uploads\/2021\/04\/IMG_0331-225x300.jpg 225w\" sizes=\"(max-width: 750px) 100vw, 750px\" \/><\/figure>\n\n\n<figure class=\"wp-block-image size-large slide\"><img loading=\"lazy\" width=\"1000\" height=\"750\" src=\"https:\/\/welstat.com\/wp-content\/uploads\/2021\/04\/IMG_0332.jpg\" alt=\"\" class=\"wp-image-1951\" srcset=\"https:\/\/welstat.com\/wp-content\/uploads\/2021\/04\/IMG_0332.jpg 1000w, https:\/\/welstat.com\/wp-content\/uploads\/2021\/04\/IMG_0332-600x450.jpg 600w, https:\/\/welstat.com\/wp-content\/uploads\/2021\/04\/IMG_0332-300x225.jpg 300w, https:\/\/welstat.com\/wp-content\/uploads\/2021\/04\/IMG_0332-768x576.jpg 768w\" sizes=\"(max-width: 1000px) 100vw, 1000px\" \/><\/figure>\n\n\n<p><\/p>\n<\/div><\/div>\n<\/div><\/div>\n\n\n\n<figure class=\"wp-block-image size-large navigation next\"><img loading=\"lazy\" width=\"150\" height=\"153\" src=\"https:\/\/welstat.com\/wp-content\/uploads\/2021\/04\/flecha-derecha.png\" alt=\"\" class=\"wp-image-1869\"\/><\/figure>\n\n\n<p class=\"has-text-align-center has-medium-font-size\">Revisades en el nostre taller, la maquin\u00e0ria passa per un proc\u00e9s complet de desmuntatge, revisi\u00f3, i substituci\u00f3 de les peces que siguin necess\u00e0ries amb recanvis originals. <\/p>\n\n\n\n<p class=\"has-text-align-center has-medium-font-size\">Tal \u00e9s la nostra confian\u00e7a, que oferim garantia com si la m\u00e0quina es tract\u00e9s de nova.<\/p>\n<\/div><\/div>\n\n<div style=\"height:310px\" aria-hidden=\"true\" class=\"wp-block-spacer desktop\"><\/div>\n\n<div class=\"wp-container-26 wp-block-columns maquinas-blocks padding-sides full-width\">\n<div class=\"wp-container-15 wp-block-column\">\n<div class=\"wp-container-14 wp-block-group maquina-block\"><div class=\"wp-block-group__inner-container\">\n<div class=\"wp-container-13 wp-block-columns are-vertically-aligned-center\">\n<div class=\"wp-container-11 wp-block-column is-vertically-aligned-center\" style=\"flex-basis:35%\">\n<figure class=\"wp-block-image size-full\"><img loading=\"lazy\" width=\"500\" height=\"500\" src=\"https:\/\/welstat.com\/wp-content\/uploads\/2022\/01\/packaging-png.png\" alt=\"\" class=\"wp-image-2323\" srcset=\"https:\/\/welstat.com\/wp-content\/uploads\/2022\/01\/packaging-png.png 500w, https:\/\/welstat.com\/wp-content\/uploads\/2022\/01\/packaging-png-300x300.png 300w, https:\/\/welstat.com\/wp-content\/uploads\/2022\/01\/packaging-png-100x100.png 100w, https:\/\/welstat.com\/wp-content\/uploads\/2022\/01\/packaging-png-150x150.png 150w\" sizes=\"(max-width: 500px) 100vw, 500px\" \/><\/figure><\/div>\n\n\n\n<div class=\"wp-container-12 wp-block-column is-vertically-aligned-center text\">\n<p><a href=\"https:\/\/welstat.com\/ca\/maquines\/maquinaria-packaging\/\" data-type=\"page\"><strong>Maquin\u00e0ria<\/strong><\/a><br\/><a href=\"https:\/\/welstat.com\/ca\/maquines\/maquinaria-packaging\/\" data-type=\"page\"><strong>Packaging<\/strong><\/a><\/p>\n\n\n\n<p class=\"has-small-font-size\"><a href=\"https:\/\/welstat.com\/ca\/maquines\/maquinaria-packaging\/\" data-type=\"page\">Fresat, segellat i folrat de caixes<\/a><\/p>\n<\/div>\n<\/div>\n<\/div><\/div>\n<\/div>\n\n\n\n<div class=\"wp-container-20 wp-block-column is-vertically-aligned-center\">\n<div class=\"wp-container-19 wp-block-group maquina-block\"><div class=\"wp-block-group__inner-container\">\n<div class=\"wp-container-18 wp-block-columns are-vertically-aligned-center\">\n<div class=\"wp-container-16 wp-block-column is-vertically-aligned-center\" style=\"flex-basis:35%\">\n<figure class=\"wp-block-image size-large\"><a href=\"https:\/\/welstat.com\/ca\/maquines\/maquinaria-revisada\/\"><img loading=\"lazy\" width=\"500\" height=\"500\" src=\"https:\/\/welstat.com\/wp-content\/uploads\/2021\/04\/maquinaria-revisada-2.png\" alt=\"\" class=\"wp-image-1851\" srcset=\"https:\/\/welstat.com\/wp-content\/uploads\/2021\/04\/maquinaria-revisada-2.png 500w, https:\/\/welstat.com\/wp-content\/uploads\/2021\/04\/maquinaria-revisada-2-300x300.png 300w, https:\/\/welstat.com\/wp-content\/uploads\/2021\/04\/maquinaria-revisada-2-100x100.png 100w, https:\/\/welstat.com\/wp-content\/uploads\/2021\/04\/maquinaria-revisada-2-150x150.png 150w\" sizes=\"(max-width: 500px) 100vw, 500px\" \/><\/a><\/figure><\/div>\n\n\n\n<div class=\"wp-container-17 wp-block-column is-vertically-aligned-center text\">\n<p><a href=\"https:\/\/welstat.com\/ca\/maquines\/maquinaria-revisada\/\" data-type=\"page\"><strong>Maquin\u00e0ria<\/strong><\/a><br\/><a href=\"https:\/\/welstat.com\/ca\/maquines\/maquinaria-revisada\/\" data-type=\"page\"><strong>Revisada<\/strong><\/a><\/p>\n\n\n\n<p class=\"has-small-font-size\"><a href=\"https:\/\/welstat.com\/ca\/maquines\/maquinaria-revisada\/\" data-type=\"page\">Ofertes \u00faniques, revisades i garantides<\/a><\/p>\n<\/div>\n<\/div>\n<\/div><\/div>\n<\/div>\n\n\n\n<div class=\"wp-container-25 wp-block-column is-vertically-aligned-center\">\n<div class=\"wp-container-24 wp-block-group maquina-block\"><div class=\"wp-block-group__inner-container\">\n<div class=\"wp-container-23 wp-block-columns are-vertically-aligned-center\">\n<div class=\"wp-container-21 wp-block-column is-vertically-aligned-center\" style=\"flex-basis:35%\">\n<figure class=\"wp-block-image size-full\"><img loading=\"lazy\" width=\"500\" height=\"500\" src=\"https:\/\/welstat.com\/wp-content\/uploads\/2022\/01\/carpeteria-png.png\" alt=\"\" class=\"wp-image-2325\" srcset=\"https:\/\/welstat.com\/wp-content\/uploads\/2022\/01\/carpeteria-png.png 500w, https:\/\/welstat.com\/wp-content\/uploads\/2022\/01\/carpeteria-png-300x300.png 300w, https:\/\/welstat.com\/wp-content\/uploads\/2022\/01\/carpeteria-png-100x100.png 100w, https:\/\/welstat.com\/wp-content\/uploads\/2022\/01\/carpeteria-png-150x150.png 150w\" sizes=\"(max-width: 500px) 100vw, 500px\" \/><\/figure><\/div>\n\n\n\n<div class=\"wp-container-22 wp-block-column is-vertically-aligned-center text\">\n<p><a href=\"https:\/\/welstat.com\/ca\/maquines\/maquinaria-carpeteria\/\" data-type=\"page\"><strong>Maquin\u00e0ria<\/strong><\/a><br\/><a href=\"https:\/\/welstat.com\/ca\/maquines\/maquinaria-carpeteria\/\" data-type=\"page\"><strong>Carpeteter\u00eda<\/strong><\/a><\/p>\n\n\n\n<p class=\"has-small-font-size\"><a href=\"https:\/\/welstat.com\/ca\/maquines\/maquinaria-carpeteria\/\" data-type=\"page\">Distribu\u00efdors de CMC ITALIA <\/a><\/p>\n<\/div>\n<\/div>\n<\/div><\/div>\n<\/div>\n<\/div>\n","protected":false},"excerpt":{"rendered":"<p>Maquin\u00e0ria revisada A WELSTAT disposem d&#8217;una gamma de m\u00e0quines seminoves CMC It\u00e0lia. Subscriu-te a nostra newsletter [&hellip;]<\/p>\n","protected":false},"author":1,"featured_media":0,"parent":2397,"menu_order":0,"comment_status":"closed","ping_status":"closed","template":"","meta":[],"_links":{"self":[{"href":"https:\/\/welstat.com\/ca\/wp-json\/wp\/v2\/pages\/2404"}],"collection":[{"href":"https:\/\/welstat.com\/ca\/wp-json\/wp\/v2\/pages"}],"about":[{"href":"https:\/\/welstat.com\/ca\/wp-json\/wp\/v2\/types\/page"}],"author":[{"embeddable":true,"href":"https:\/\/welstat.com\/ca\/wp-json\/wp\/v2\/users\/1"}],"replies":[{"embeddable":true,"href":"https:\/\/welstat.com\/ca\/wp-json\/wp\/v2\/comments?post=2404"}],"version-history":[{"count":6,"href":"https:\/\/welstat.com\/ca\/wp-json\/wp\/v2\/pages\/2404\/revisions"}],"predecessor-version":[{"id":2658,"href":"https:\/\/welstat.com\/ca\/wp-json\/wp\/v2\/pages\/2404\/revisions\/2658"}],"up":[{"embeddable":true,"href":"https:\/\/welstat.com\/ca\/wp-json\/wp\/v2\/pages\/2397"}],"wp:attachment":[{"href":"https:\/\/welstat.com\/ca\/wp-json\/wp\/v2\/media?parent=2404"}],"curies":[{"name":"wp","href":"https:\/\/api.w.org\/{rel}","templated":true}]}}