{"id":2409,"date":"2022-03-03T13:56:47","date_gmt":"2022-03-03T11:56:47","guid":{"rendered":"https:\/\/welstat.com\/politica-de-cookies\/"},"modified":"2022-03-03T13:56:48","modified_gmt":"2022-03-03T11:56:48","slug":"politica-de-cookies","status":"publish","type":"page","link":"https:\/\/welstat.com\/ca\/politica-de-cookies\/","title":{"rendered":"Pol\u00edtica de cookies"},"content":{"rendered":"\n<h1><strong>Pol\u00edtica de cookies<\/strong><\/h1>\n\n<p>Les cookies s\u00f3n petites quantitats d&#8217;informaci\u00f3 que s&#8217;emmagatzemen en el navegador utilitzat per cada usuari perqu\u00e8 el servidor recordi una certa informaci\u00f3 que posteriorment pugui utilitzar.<\/p>\n\n<p><strong>TIPUS DE COOKIES QUE UTILITZEM<\/strong><\/p>\n\n<p>Aquesta p\u00e0gina web utilitza cookies de tercers que s\u00f3n aquelles que s&#8217;envien al teu ordinador o terminal des d&#8217;un domini o una p\u00e0gina web que no \u00e9s gestionada per nosaltres, sin\u00f3 per una altra entitat que tracta les dades obtingudes a trav\u00e9s de les cookies.<\/p>\n\n<p>En aquest cas les Cookies s\u00f3n utilitzades amb finalitats estad\u00edstics relacionats amb les visites que rep i les p\u00e0gines que es consulten, quedant acceptat el seu \u00fas en navegar per ella.<\/p>\n\n<figure class=\"wp-block-table\"><table><tbody><tr><td><strong>COOKIE<br\/>(I PROVE\u00cfDOR)<\/strong><\/td><td><strong>DURACI\u00d3<\/strong><\/td><td><strong>DESCRIPCI\u00d3<\/strong><\/td><\/tr><tr><td>__cfduid (notin.es)<\/td><td>Sessi\u00f3<\/td><td>Publicitat<\/td><\/tr><tr><td>personalization_id (twitter.com)<\/td><td>Sessi\u00f3<\/td><td>Twitter<\/td><\/tr><tr><td>Facebook<\/td><td>Publicitat, estad\u00edstiques y mesures<\/td><td>Col\u00b7loca Cookies en l&#8217;ordinador o dispositiu i rep la informaci\u00f3 emmagatzemada en elles quan utilitzes o visites serveis prestats per altres empreses que utilitzen els serveis de Facebook.<\/td><\/tr><tr><td>_ga (Google)<\/td><td>2 anys<\/td><td>S&#8217;usa per a distingir als usuaris.<\/td><\/tr><tr><td>_gid (Google)<\/td><td>24 hores<\/td><td>S&#8217;usa per a distingir als usuaris.<\/td><\/tr><tr><td>_gat (Google)<\/td><td>1 minut<\/td><td>S&#8217;usa per a limitar el percentatge de sol\u00b7licituds. Si has implementat Google Analytics mitjan\u00e7ant Google Tag Manager, aquesta cookie es dir\u00e0 _dc_gtm_<property-id>.<\/property-id><\/td><\/tr><tr><td>_gali (Google)<\/td><td>30s<\/td><td>Atribuci\u00f3 d&#8217;enlla\u00e7 millorada.<\/td><\/tr><tr><td>_unam (SHARETHIS)<\/td><td>Persistent<\/td><td>La seva finalitat \u00e9s quantificar el nombre d&#8217;Usuaris que comparteixen un determinat contingut i quantes p\u00e0gines web s\u00f3n visitades arran d&#8217;aquesta acci\u00f3.<\/td><\/tr><tr><td>WordPress<\/td><td>2 anys<\/td><td>Utilitzat per al correcte funcionament del gestor de contingut WordPress.<\/td><\/tr><\/tbody><\/table><\/figure>\n<p>Si desitja m\u00e9s informaci\u00f3 m\u00e9s sobre els tipus de cookies de seguiment i an\u00e0lisi de dades de Google <a href=\"https:\/\/www.google.com\/intl\/es_es\/policies\/technologies\/types\/\" target=\"_blank\" rel=\"noreferrer noopener\">faci clic aqu\u00ed.<\/a><\/p>\n\n<p>Per a informar-se sobre com eliminar les cookies del seu explorador:<\/p>\n\n<ul><li><a href=\"https:\/\/support.mozilla.org\/es\/kb\/habilitar-y-deshabilitar-cookies-sitios-web-rastrear-preferencias\" target=\"_blank\" rel=\"noreferrer noopener\">Firefox<\/a><\/li><li><a href=\"https:\/\/support.google.com\/chrome\/answer\/95647?hl=es\" target=\"_blank\" rel=\"noreferrer noopener\">Chrome<\/a><\/li><li><a href=\"https:\/\/support.microsoft.com\/es-es\/topic\/eliminar-y-administrar-cookies-168dab11-0753-043d-7c16-ede5947fc64d\" target=\"_blank\" rel=\"noreferrer noopener\">Internet Explorer<\/a><\/li><li><a href=\"https:\/\/support.apple.com\/kb\/PH19214?viewlocale=es_ES&amp;locale=es_ES\" target=\"_blank\" rel=\"noreferrer noopener\">Safari<\/a><\/li><li><a href=\"https:\/\/www.allaboutcookies.org\/es\/administrar-las-cookies\/opera.html\" target=\"_blank\" rel=\"noreferrer noopener\">Opera<\/a><\/li><\/ul>","protected":false},"excerpt":{"rendered":"<p>Pol\u00edtica de cookies Les cookies s\u00f3n petites quantitats d&#8217;informaci\u00f3 que s&#8217;emmagatzemen en el navegador utilitzat per [&hellip;]<\/p>\n","protected":false},"author":1,"featured_media":0,"parent":0,"menu_order":0,"comment_status":"closed","ping_status":"closed","template":"","meta":[],"_links":{"self":[{"href":"https:\/\/welstat.com\/ca\/wp-json\/wp\/v2\/pages\/2409"}],"collection":[{"href":"https:\/\/welstat.com\/ca\/wp-json\/wp\/v2\/pages"}],"about":[{"href":"https:\/\/welstat.com\/ca\/wp-json\/wp\/v2\/types\/page"}],"author":[{"embeddable":true,"href":"https:\/\/welstat.com\/ca\/wp-json\/wp\/v2\/users\/1"}],"replies":[{"embeddable":true,"href":"https:\/\/welstat.com\/ca\/wp-json\/wp\/v2\/comments?post=2409"}],"version-history":[{"count":1,"href":"https:\/\/welstat.com\/ca\/wp-json\/wp\/v2\/pages\/2409\/revisions"}],"predecessor-version":[{"id":2410,"href":"https:\/\/welstat.com\/ca\/wp-json\/wp\/v2\/pages\/2409\/revisions\/2410"}],"wp:attachment":[{"href":"https:\/\/welstat.com\/ca\/wp-json\/wp\/v2\/media?parent=2409"}],"curies":[{"name":"wp","href":"https:\/\/api.w.org\/{rel}","templated":true}]}}