{"id":2448,"date":"2022-03-07T14:08:27","date_gmt":"2022-03-07T12:08:27","guid":{"rendered":"https:\/\/welstat.com\/sobre-nosaltres\/"},"modified":"2022-03-07T14:08:27","modified_gmt":"2022-03-07T12:08:27","slug":"sobre-nosaltres","status":"publish","type":"page","link":"https:\/\/welstat.com\/ca\/sobre-nosaltres\/","title":{"rendered":"Sobre nosaltres"},"content":{"rendered":"\n<h1>Sobre nosaltres<\/h1>\n\n<p>Amb m\u00e9s de 30 anys en el sector, originalment Pladurex Carpeter\u00eda SL, WELSTAT ha aconseguit una posici\u00f3 de lideratge en el sector de les arts gr\u00e0fiques.<\/p>\n\n<p>La nostra dedicaci\u00f3 \u00e9s exclusivament a la comercialitzaci\u00f3 d&#8217;anelles de la millor qualitat, imants i altres articles del sector de la *carpeter\u00eda i embalatge, aix\u00ed com la venda de maquin\u00e0ria *CMC It\u00e0lia per a l&#8217;enquadernaci\u00f3, i maquin\u00e0ria pr\u00f2pia per a l&#8217;embalatge, disposant d&#8217;una gran varietat de solucions per a qualsevol rang de producci\u00f3.<\/p>\n\n<h2>Principis i Valors \u00c8tics<\/h2>\n\n<p>La nostra filosofia ha estat sempre acompanyar als nostres clients des del dia 1 en la seva traject\u00f2ria professional, sobrepassant la pr\u00f2pia relaci\u00f3 comercial, i buscant les millors solucions perqu\u00e8 els nostres clients puguin avan\u00e7ar, i romandre competitius en el mercat amb producci\u00f3 nacional i internacional. El contacte pr\u00f2xim i la preocupaci\u00f3 per les necessitats dels nostres clients s\u00f3n el nostre major distintiu.<\/p>\n","protected":false},"excerpt":{"rendered":"<p>Sobre nosaltres Amb m\u00e9s de 30 anys en el sector, originalment Pladurex Carpeter\u00eda SL, WELSTAT ha [&hellip;]<\/p>\n","protected":false},"author":1,"featured_media":0,"parent":0,"menu_order":0,"comment_status":"closed","ping_status":"closed","template":"","meta":[],"_links":{"self":[{"href":"https:\/\/welstat.com\/ca\/wp-json\/wp\/v2\/pages\/2448"}],"collection":[{"href":"https:\/\/welstat.com\/ca\/wp-json\/wp\/v2\/pages"}],"about":[{"href":"https:\/\/welstat.com\/ca\/wp-json\/wp\/v2\/types\/page"}],"author":[{"embeddable":true,"href":"https:\/\/welstat.com\/ca\/wp-json\/wp\/v2\/users\/1"}],"replies":[{"embeddable":true,"href":"https:\/\/welstat.com\/ca\/wp-json\/wp\/v2\/comments?post=2448"}],"version-history":[{"count":1,"href":"https:\/\/welstat.com\/ca\/wp-json\/wp\/v2\/pages\/2448\/revisions"}],"predecessor-version":[{"id":2449,"href":"https:\/\/welstat.com\/ca\/wp-json\/wp\/v2\/pages\/2448\/revisions\/2449"}],"wp:attachment":[{"href":"https:\/\/welstat.com\/ca\/wp-json\/wp\/v2\/media?parent=2448"}],"curies":[{"name":"wp","href":"https:\/\/api.w.org\/{rel}","templated":true}]}}