{"id":2605,"date":"2022-03-29T14:12:24","date_gmt":"2022-03-29T12:12:24","guid":{"rendered":"https:\/\/welstat.com\/maquines\/maquinaria-carpeteria\/"},"modified":"2022-03-29T14:12:25","modified_gmt":"2022-03-29T12:12:25","slug":"maquinaria-carpeteria","status":"publish","type":"page","link":"https:\/\/welstat.com\/ca\/maquines\/maquinaria-carpeteria\/","title":{"rendered":"Maquinaria Carpeteria"},"content":{"rendered":"\n<div style=\"height:51px\" aria-hidden=\"true\" class=\"wp-block-spacer\"><\/div>\n\n<h1 class=\"has-text-align-center\">Maquinaria Carpeter\u00eda<\/h1>\n\n<p class=\"has-text-align-center has-medium-font-size\">Som orgullosos distribu\u00efdors de la prestigiosa marca CMC It\u00e0lia\u00ae, amb m\u00e9s de 75 anys d&#8217;experi\u00e8ncia en el mercat de maquin\u00e0ria per a la producci\u00f3 de tapa folrada, carpetes i llibres. La gran qualitat i durabilitat de les nostres m\u00e0quines \u00e9s fortament reconeguda en el mercat, amb m\u00e9s de 100 l\u00ednies de folrat situades a Espanya. Disposem d&#8217;una \u00e0mplia gamma de maquin\u00e0ria, cobrint qualsevol necessitat de producci\u00f3.<\/p>\n\n<div style=\"height:56px\" aria-hidden=\"true\" class=\"wp-block-spacer\"><\/div>\n\n<div class=\"wp-container-30 wp-block-group fullsize-blocks full-width\"><div class=\"wp-block-group__inner-container\">\n<div class=\"wp-container-10 wp-block-columns are-vertically-aligned-center full-width\">\n<div class=\"wp-container-1 wp-block-column is-vertically-aligned-center text-column\">\n<h2><strong>Perif\u00e8rics Manuals<\/strong><\/h2>\n\n\n\n<p>Dissenyats espec\u00edficament per a l&#8217;establiment o millora de la qualitat de producci\u00f3 de tallers de manipulaci\u00f3 manuals, o per al seu \u00fas accessori com a perif\u00e8rics en suport de produccions de major escala.<\/p>\n\n\n\n<ul><li>Encoladores Lynx<\/li><li>Rebordejadores Pyxis<\/li><li>Calandres Auriga<\/li><\/ul><\/div>\n\n\n\n<div class=\"wp-container-9 wp-block-column is-vertically-aligned-center sliderimages-column\">\n<div class=\"wp-container-8 wp-block-group slider-wrapper arrows full-width  fixed-height\"><div class=\"wp-block-group__inner-container\">\n<figure class=\"wp-block-image size-large navigation prev\"><img loading=\"lazy\" width=\"150\" height=\"153\" src=\"https:\/\/welstat.com\/wp-content\/uploads\/2021\/04\/flecha-izq-2.png\" alt=\"\" class=\"wp-image-1873\"\/><\/figure>\n\n\n<div class=\"wp-container-7 wp-block-group slider-container\"><div class=\"wp-block-group__inner-container\">\n<div class=\"wp-container-6 wp-block-group slider arrows\"><div class=\"wp-block-group__inner-container\">\n<p class=\"items-per-screen has-huge-font-size\">1<\/p>\n\n\n\n<div class=\"wp-container-2 wp-block-group slide\"><div class=\"wp-block-group__inner-container\">\n<figure class=\"wp-block-image size-large\"><img loading=\"lazy\" width=\"1024\" height=\"968\" src=\"https:\/\/welstat.com\/wp-content\/uploads\/2022\/03\/Auriga-2015-1024x968.jpg\" alt=\"\" class=\"wp-image-2509\" srcset=\"https:\/\/welstat.com\/wp-content\/uploads\/2022\/03\/Auriga-2015-1024x968.jpg 1024w, https:\/\/welstat.com\/wp-content\/uploads\/2022\/03\/Auriga-2015-600x567.jpg 600w, https:\/\/welstat.com\/wp-content\/uploads\/2022\/03\/Auriga-2015-300x284.jpg 300w, https:\/\/welstat.com\/wp-content\/uploads\/2022\/03\/Auriga-2015-768x726.jpg 768w, https:\/\/welstat.com\/wp-content\/uploads\/2022\/03\/Auriga-2015.jpg 1100w\" sizes=\"(max-width: 1024px) 100vw, 1024px\" \/><\/figure><\/div><\/div>\n\n\n\n<div class=\"wp-container-3 wp-block-group slide\"><div class=\"wp-block-group__inner-container\">\n<figure class=\"wp-block-image size-large\"><img loading=\"lazy\" width=\"1024\" height=\"907\" src=\"https:\/\/welstat.com\/wp-content\/uploads\/2022\/03\/Lynx-2015-small-1024x907.jpg\" alt=\"\" class=\"wp-image-2512\" srcset=\"https:\/\/welstat.com\/wp-content\/uploads\/2022\/03\/Lynx-2015-small-1024x907.jpg 1024w, https:\/\/welstat.com\/wp-content\/uploads\/2022\/03\/Lynx-2015-small-600x531.jpg 600w, https:\/\/welstat.com\/wp-content\/uploads\/2022\/03\/Lynx-2015-small-300x266.jpg 300w, https:\/\/welstat.com\/wp-content\/uploads\/2022\/03\/Lynx-2015-small-768x680.jpg 768w, https:\/\/welstat.com\/wp-content\/uploads\/2022\/03\/Lynx-2015-small.jpg 1100w\" sizes=\"(max-width: 1024px) 100vw, 1024px\" \/><\/figure><\/div><\/div>\n\n\n\n<div class=\"wp-container-4 wp-block-group slide\"><div class=\"wp-block-group__inner-container\">\n<figure class=\"wp-block-image size-large\"><img loading=\"lazy\" width=\"1024\" height=\"585\" src=\"https:\/\/welstat.com\/wp-content\/uploads\/2022\/03\/Lynx-2015-Table-small-1024x585.jpg\" alt=\"\" class=\"wp-image-2515\" srcset=\"https:\/\/welstat.com\/wp-content\/uploads\/2022\/03\/Lynx-2015-Table-small-1024x585.jpg 1024w, https:\/\/welstat.com\/wp-content\/uploads\/2022\/03\/Lynx-2015-Table-small-600x343.jpg 600w, https:\/\/welstat.com\/wp-content\/uploads\/2022\/03\/Lynx-2015-Table-small-300x171.jpg 300w, https:\/\/welstat.com\/wp-content\/uploads\/2022\/03\/Lynx-2015-Table-small-768x438.jpg 768w, https:\/\/welstat.com\/wp-content\/uploads\/2022\/03\/Lynx-2015-Table-small.jpg 1100w\" sizes=\"(max-width: 1024px) 100vw, 1024px\" \/><\/figure><\/div><\/div>\n\n\n\n<div class=\"wp-container-5 wp-block-group slide\"><div class=\"wp-block-group__inner-container\">\n<figure class=\"wp-block-image size-large\"><img loading=\"lazy\" width=\"954\" height=\"1024\" src=\"https:\/\/welstat.com\/wp-content\/uploads\/2022\/03\/Pyxis-2015-small-954x1024.jpg\" alt=\"\" class=\"wp-image-2518\" srcset=\"https:\/\/welstat.com\/wp-content\/uploads\/2022\/03\/Pyxis-2015-small-954x1024.jpg 954w, https:\/\/welstat.com\/wp-content\/uploads\/2022\/03\/Pyxis-2015-small-600x644.jpg 600w, https:\/\/welstat.com\/wp-content\/uploads\/2022\/03\/Pyxis-2015-small-280x300.jpg 280w, https:\/\/welstat.com\/wp-content\/uploads\/2022\/03\/Pyxis-2015-small-768x824.jpg 768w, https:\/\/welstat.com\/wp-content\/uploads\/2022\/03\/Pyxis-2015-small.jpg 1025w\" sizes=\"(max-width: 954px) 100vw, 954px\" \/><\/figure><\/div><\/div>\n<\/div><\/div>\n<\/div><\/div>\n\n\n\n<figure class=\"wp-block-image size-large navigation next\"><img loading=\"lazy\" width=\"150\" height=\"153\" src=\"https:\/\/welstat.com\/wp-content\/uploads\/2021\/04\/flecha-derecha.png\" alt=\"\" class=\"wp-image-1869\"\/><\/figure><\/div><\/div>\n<\/div>\n<\/div>\n\n\n\n<div class=\"wp-container-20 wp-block-columns are-vertically-aligned-center full-width\">\n<div class=\"wp-container-18 wp-block-column is-vertically-aligned-center sliderimages-column\">\n<div class=\"wp-container-17 wp-block-group slider-wrapper arrows full-width  fixed-height\"><div class=\"wp-block-group__inner-container\">\n<figure class=\"wp-block-image size-large navigation prev\"><img loading=\"lazy\" width=\"150\" height=\"153\" src=\"https:\/\/welstat.com\/wp-content\/uploads\/2021\/04\/flecha-izq-2.png\" alt=\"\" class=\"wp-image-1873\"\/><\/figure>\n\n\n<div class=\"wp-container-16 wp-block-group slider-container\"><div class=\"wp-block-group__inner-container\">\n<div class=\"wp-container-15 wp-block-group slider arrows\"><div class=\"wp-block-group__inner-container\">\n<p class=\"items-per-screen has-huge-font-size\">1<\/p>\n\n\n\n<div class=\"wp-container-11 wp-block-group slide\"><div class=\"wp-block-group__inner-container\">\n<figure class=\"wp-block-image size-large\"><img loading=\"lazy\" width=\"1024\" height=\"523\" src=\"https:\/\/welstat.com\/wp-content\/uploads\/2022\/03\/Q-Cover-Four-1024x523.jpg\" alt=\"\" class=\"wp-image-2535\" srcset=\"https:\/\/welstat.com\/wp-content\/uploads\/2022\/03\/Q-Cover-Four-1024x523.jpg 1024w, https:\/\/welstat.com\/wp-content\/uploads\/2022\/03\/Q-Cover-Four-600x307.jpg 600w, https:\/\/welstat.com\/wp-content\/uploads\/2022\/03\/Q-Cover-Four-300x153.jpg 300w, https:\/\/welstat.com\/wp-content\/uploads\/2022\/03\/Q-Cover-Four-768x392.jpg 768w, https:\/\/welstat.com\/wp-content\/uploads\/2022\/03\/Q-Cover-Four.jpg 1100w\" sizes=\"(max-width: 1024px) 100vw, 1024px\" \/><\/figure><\/div><\/div>\n\n\n\n<div class=\"wp-container-12 wp-block-group slide\"><div class=\"wp-block-group__inner-container\">\n<figure class=\"wp-block-image size-large\"><img loading=\"lazy\" width=\"1024\" height=\"488\" src=\"https:\/\/welstat.com\/wp-content\/uploads\/2022\/03\/Q-Cover-One-2015-1024x488.jpg\" alt=\"\" class=\"wp-image-2538\" srcset=\"https:\/\/welstat.com\/wp-content\/uploads\/2022\/03\/Q-Cover-One-2015-1024x488.jpg 1024w, https:\/\/welstat.com\/wp-content\/uploads\/2022\/03\/Q-Cover-One-2015-600x286.jpg 600w, https:\/\/welstat.com\/wp-content\/uploads\/2022\/03\/Q-Cover-One-2015-300x143.jpg 300w, https:\/\/welstat.com\/wp-content\/uploads\/2022\/03\/Q-Cover-One-2015-768x366.jpg 768w, https:\/\/welstat.com\/wp-content\/uploads\/2022\/03\/Q-Cover-One-2015.jpg 1100w\" sizes=\"(max-width: 1024px) 100vw, 1024px\" \/><\/figure><\/div><\/div>\n\n\n\n<div class=\"wp-container-13 wp-block-group slide\"><div class=\"wp-block-group__inner-container\">\n<figure class=\"wp-block-image size-large\"><img loading=\"lazy\" width=\"1018\" height=\"1024\" src=\"https:\/\/welstat.com\/wp-content\/uploads\/2022\/03\/Q-Cover-Start-2015-1018x1024.jpg\" alt=\"\" class=\"wp-image-2541\" srcset=\"https:\/\/welstat.com\/wp-content\/uploads\/2022\/03\/Q-Cover-Start-2015-1018x1024.jpg 1018w, https:\/\/welstat.com\/wp-content\/uploads\/2022\/03\/Q-Cover-Start-2015-100x100.jpg 100w, https:\/\/welstat.com\/wp-content\/uploads\/2022\/03\/Q-Cover-Start-2015-600x603.jpg 600w, https:\/\/welstat.com\/wp-content\/uploads\/2022\/03\/Q-Cover-Start-2015-298x300.jpg 298w, https:\/\/welstat.com\/wp-content\/uploads\/2022\/03\/Q-Cover-Start-2015-150x150.jpg 150w, https:\/\/welstat.com\/wp-content\/uploads\/2022\/03\/Q-Cover-Start-2015-768x772.jpg 768w, https:\/\/welstat.com\/wp-content\/uploads\/2022\/03\/Q-Cover-Start-2015.jpg 1094w\" sizes=\"(max-width: 1018px) 100vw, 1018px\" \/><\/figure><\/div><\/div>\n\n\n\n<div class=\"wp-container-14 wp-block-group slide\"><div class=\"wp-block-group__inner-container\">\n<figure class=\"wp-block-image size-large\"><img loading=\"lazy\" width=\"1024\" height=\"850\" src=\"https:\/\/welstat.com\/wp-content\/uploads\/2022\/03\/Q-Cover-Two-1024x850.jpg\" alt=\"\" class=\"wp-image-2544\" srcset=\"https:\/\/welstat.com\/wp-content\/uploads\/2022\/03\/Q-Cover-Two-1024x850.jpg 1024w, https:\/\/welstat.com\/wp-content\/uploads\/2022\/03\/Q-Cover-Two-600x498.jpg 600w, https:\/\/welstat.com\/wp-content\/uploads\/2022\/03\/Q-Cover-Two-300x249.jpg 300w, https:\/\/welstat.com\/wp-content\/uploads\/2022\/03\/Q-Cover-Two-768x637.jpg 768w, https:\/\/welstat.com\/wp-content\/uploads\/2022\/03\/Q-Cover-Two.jpg 1100w\" sizes=\"(max-width: 1024px) 100vw, 1024px\" \/><\/figure><\/div><\/div>\n<\/div><\/div>\n<\/div><\/div>\n\n\n\n<figure class=\"wp-block-image size-large navigation next\"><img loading=\"lazy\" width=\"150\" height=\"153\" src=\"https:\/\/welstat.com\/wp-content\/uploads\/2021\/04\/flecha-derecha.png\" alt=\"\" class=\"wp-image-1869\"\/><\/figure><\/div><\/div>\n<\/div>\n\n\n\n<div class=\"wp-container-19 wp-block-column is-vertically-aligned-center text-column\">\n<h2><strong>Maquinaria semiautom\u00e0tica<\/strong><\/h2>\n\n\n\n<p>El seg\u00fcent pas en l&#8217;escala de producci\u00f3, disposem de m\u00e0quines semiautom\u00e0tiques amb una velocitat de producci\u00f3 molt major que les manuals, sense perdre els avantatges que poden oferir les anteriors: compactes, f\u00e0cils de moure i col\u00b7locar, no necessiten d&#8217;instal\u00b7laci\u00f3.<\/p>\n\n\n\n<ul><li>Q Cover One<\/li><li>Q Cover Two<\/li><li>Q Cover Four<\/li><li>Q Cover Start<\/li><\/ul><\/div>\n<\/div>\n\n\n\n<div class=\"wp-container-29 wp-block-columns are-vertically-aligned-center full-width\">\n<div class=\"wp-container-21 wp-block-column is-vertically-aligned-center text-column\">\n<h2><strong>L\u00ednies de producci\u00f3 autom\u00e0tiques<\/strong><\/h2>\n\n\n\n<p>Les nostres l\u00ednies de producci\u00f3 de contra encolat i tapa folrada s\u00f3n les m\u00e9s vers\u00e0tils del mercat. Dissenyades en format modular, s\u00f3n ideals per a la producci\u00f3 dels formats m\u00e9s exigents, sempre amb les millors prestacions que es poden trobar en el mercat.<\/p>\n\n\n\n<p>L\u00ednia de folrat modular Heliomat-Spotter-Virgo\/Auriga:<\/p>\n\n\n\n<ul><li>HSA<\/li><li>HSV<\/li><li>HV<\/li><\/ul><\/div>\n\n\n\n<div class=\"wp-container-28 wp-block-column is-vertically-aligned-center sliderimages-column\">\n<div class=\"wp-container-27 wp-block-group slider-wrapper arrows full-width  fixed-height\"><div class=\"wp-block-group__inner-container\">\n<figure class=\"wp-block-image size-large navigation prev\"><img loading=\"lazy\" width=\"150\" height=\"153\" src=\"https:\/\/welstat.com\/wp-content\/uploads\/2021\/04\/flecha-izq-2.png\" alt=\"\" class=\"wp-image-1873\"\/><\/figure>\n\n\n<div class=\"wp-container-26 wp-block-group slider-container\"><div class=\"wp-block-group__inner-container\">\n<div class=\"wp-container-25 wp-block-group slider arrows\"><div class=\"wp-block-group__inner-container\">\n<p class=\"items-per-screen has-huge-font-size\">1<\/p>\n\n\n\n<div class=\"wp-container-22 wp-block-group slide\"><div class=\"wp-block-group__inner-container\">\n<figure class=\"wp-block-image size-large\"><img loading=\"lazy\" width=\"1024\" height=\"393\" src=\"https:\/\/welstat.com\/wp-content\/uploads\/2022\/03\/HSA70-20_1-1024x393.jpg\" alt=\"\" class=\"wp-image-2524\" srcset=\"https:\/\/welstat.com\/wp-content\/uploads\/2022\/03\/HSA70-20_1-1024x393.jpg 1024w, https:\/\/welstat.com\/wp-content\/uploads\/2022\/03\/HSA70-20_1-600x230.jpg 600w, https:\/\/welstat.com\/wp-content\/uploads\/2022\/03\/HSA70-20_1-300x115.jpg 300w, https:\/\/welstat.com\/wp-content\/uploads\/2022\/03\/HSA70-20_1-768x295.jpg 768w, https:\/\/welstat.com\/wp-content\/uploads\/2022\/03\/HSA70-20_1.jpg 1100w\" sizes=\"(max-width: 1024px) 100vw, 1024px\" \/><\/figure><\/div><\/div>\n\n\n\n<div class=\"wp-container-23 wp-block-group slide\"><div class=\"wp-block-group__inner-container\">\n<figure class=\"wp-block-image size-large\"><img loading=\"lazy\" width=\"1024\" height=\"315\" src=\"https:\/\/welstat.com\/wp-content\/uploads\/2022\/03\/HSV70-20_1-1024x315.jpg\" alt=\"\" class=\"wp-image-2527\" srcset=\"https:\/\/welstat.com\/wp-content\/uploads\/2022\/03\/HSV70-20_1-1024x315.jpg 1024w, https:\/\/welstat.com\/wp-content\/uploads\/2022\/03\/HSV70-20_1-600x184.jpg 600w, https:\/\/welstat.com\/wp-content\/uploads\/2022\/03\/HSV70-20_1-300x92.jpg 300w, https:\/\/welstat.com\/wp-content\/uploads\/2022\/03\/HSV70-20_1-768x236.jpg 768w, https:\/\/welstat.com\/wp-content\/uploads\/2022\/03\/HSV70-20_1.jpg 1100w\" sizes=\"(max-width: 1024px) 100vw, 1024px\" \/><\/figure><\/div><\/div>\n\n\n\n<div class=\"wp-container-24 wp-block-group slide\"><div class=\"wp-block-group__inner-container\">\n<figure class=\"wp-block-image size-large\"><img loading=\"lazy\" width=\"1024\" height=\"283\" src=\"https:\/\/welstat.com\/wp-content\/uploads\/2022\/03\/HV70-20_1-1024x283.jpg\" alt=\"\" class=\"wp-image-2530\" srcset=\"https:\/\/welstat.com\/wp-content\/uploads\/2022\/03\/HV70-20_1-1024x283.jpg 1024w, https:\/\/welstat.com\/wp-content\/uploads\/2022\/03\/HV70-20_1-600x166.jpg 600w, https:\/\/welstat.com\/wp-content\/uploads\/2022\/03\/HV70-20_1-300x83.jpg 300w, https:\/\/welstat.com\/wp-content\/uploads\/2022\/03\/HV70-20_1-768x212.jpg 768w, https:\/\/welstat.com\/wp-content\/uploads\/2022\/03\/HV70-20_1.jpg 1100w\" sizes=\"(max-width: 1024px) 100vw, 1024px\" \/><\/figure><\/div><\/div>\n<\/div><\/div>\n<\/div><\/div>\n\n\n\n<figure class=\"wp-block-image size-large navigation next\"><img loading=\"lazy\" width=\"150\" height=\"153\" src=\"https:\/\/welstat.com\/wp-content\/uploads\/2021\/04\/flecha-derecha.png\" alt=\"\" class=\"wp-image-1869\"\/><\/figure><\/div><\/div>\n<\/div>\n<\/div>\n<\/div><\/div>\n\n<div style=\"height:25px\" aria-hidden=\"true\" class=\"wp-block-spacer\"><\/div>\n\n<div class=\"wp-container-31 wp-block-buttons\"><\/div>\n\n<p class=\"has-text-align-center button-link\"><a rel=\"noreferrer noopener\" href=\"https:\/\/welstat.com\/wp-content\/uploads\/2021\/04\/CMC_ITALIA_completo_web.pdf\" target=\"_blank\"><img loading=\"lazy\" width=\"256\" height=\"256\" class=\"wp-image-1877\" style=\"width: 20px;\" src=\"https:\/\/welstat.com\/wp-content\/uploads\/2021\/04\/pdf-file-red.png\" alt=\"\" srcset=\"https:\/\/welstat.com\/wp-content\/uploads\/2021\/04\/pdf-file-red.png 256w, https:\/\/welstat.com\/wp-content\/uploads\/2021\/04\/pdf-file-red-100x100.png 100w, https:\/\/welstat.com\/wp-content\/uploads\/2021\/04\/pdf-file-red-150x150.png 150w\" sizes=\"(max-width: 256px) 100vw, 256px\" \/> Descarrega el cat\u00e0leg<\/a><\/p>\n\n<div class=\"wp-container-32 is-content-justification-center wp-block-buttons\">\n<div class=\"wp-block-button\"><a class=\"wp-block-button__link\" href=\"https:\/\/welstat.com\/ca\/contacte\/\">Contacte<\/a><\/div>\n\n\n\n<div class=\"wp-block-button\"><a class=\"wp-block-button__link\" href=\"http:\/\/www.cmc-italia.com\/index_esp.htm\">CMC Italia SRL<\/a><\/div>\n<\/div>\n\n<div style=\"height:100px\" aria-hidden=\"true\" class=\"wp-block-spacer\"><\/div>\n\n<div class=\"wp-container-48 wp-block-columns maquinas-blocks padding-sides full-width\">\n<div class=\"wp-container-37 wp-block-column\">\n<div class=\"wp-container-36 wp-block-group maquina-block\"><div class=\"wp-block-group__inner-container\">\n<div class=\"wp-container-35 wp-block-columns are-vertically-aligned-center\">\n<div class=\"wp-container-33 wp-block-column is-vertically-aligned-center\" style=\"flex-basis:35%\">\n<figure class=\"wp-block-image size-full\"><img loading=\"lazy\" width=\"500\" height=\"500\" src=\"https:\/\/welstat.com\/wp-content\/uploads\/2022\/01\/packaging-png.png\" alt=\"\" class=\"wp-image-2323\" srcset=\"https:\/\/welstat.com\/wp-content\/uploads\/2022\/01\/packaging-png.png 500w, https:\/\/welstat.com\/wp-content\/uploads\/2022\/01\/packaging-png-300x300.png 300w, https:\/\/welstat.com\/wp-content\/uploads\/2022\/01\/packaging-png-100x100.png 100w, https:\/\/welstat.com\/wp-content\/uploads\/2022\/01\/packaging-png-150x150.png 150w\" sizes=\"(max-width: 500px) 100vw, 500px\" \/><\/figure><\/div>\n\n\n\n<div class=\"wp-container-34 wp-block-column is-vertically-aligned-center text\">\n<p><a href=\"https:\/\/welstat.com\/ca\/maquines\/maquinaria-packaging\/\" data-type=\"page\"><strong>Maquin\u00e0ria<\/strong><\/a><br\/><a href=\"https:\/\/welstat.com\/ca\/maquines\/maquinaria-packaging\/\" data-type=\"page\"><strong>Packaging<\/strong><\/a><\/p>\n\n\n\n<p class=\"has-small-font-size\"><a href=\"https:\/\/welstat.com\/ca\/maquines\/maquinaria-packaging\/\" data-type=\"page\">Fresat, segellat i folrat de caixes<\/a><\/p>\n<\/div>\n<\/div>\n<\/div><\/div>\n<\/div>\n\n\n\n<div class=\"wp-container-42 wp-block-column is-vertically-aligned-center\">\n<div class=\"wp-container-41 wp-block-group maquina-block\"><div class=\"wp-block-group__inner-container\">\n<div class=\"wp-container-40 wp-block-columns are-vertically-aligned-center\">\n<div class=\"wp-container-38 wp-block-column is-vertically-aligned-center\" style=\"flex-basis:35%\">\n<figure class=\"wp-block-image size-large\"><a href=\"https:\/\/welstat.com\/ca\/maquines\/maquinaria-revisada\/\"><img loading=\"lazy\" width=\"500\" height=\"500\" src=\"https:\/\/welstat.com\/wp-content\/uploads\/2021\/04\/maquinaria-revisada-2.png\" alt=\"\" class=\"wp-image-1851\" srcset=\"https:\/\/welstat.com\/wp-content\/uploads\/2021\/04\/maquinaria-revisada-2.png 500w, https:\/\/welstat.com\/wp-content\/uploads\/2021\/04\/maquinaria-revisada-2-300x300.png 300w, https:\/\/welstat.com\/wp-content\/uploads\/2021\/04\/maquinaria-revisada-2-100x100.png 100w, https:\/\/welstat.com\/wp-content\/uploads\/2021\/04\/maquinaria-revisada-2-150x150.png 150w\" sizes=\"(max-width: 500px) 100vw, 500px\" \/><\/a><\/figure><\/div>\n\n\n\n<div class=\"wp-container-39 wp-block-column is-vertically-aligned-center text\">\n<p><a href=\"https:\/\/welstat.com\/ca\/maquines\/maquinaria-revisada\/\" data-type=\"page\"><strong>Maquin\u00e0ria<\/strong><\/a><br\/><a href=\"https:\/\/welstat.com\/ca\/maquines\/maquinaria-revisada\/\" data-type=\"page\"><strong>Revisada<\/strong><\/a><\/p>\n\n\n\n<p class=\"has-small-font-size\"><a href=\"https:\/\/welstat.com\/ca\/maquines\/maquinaria-revisada\/\" data-type=\"page\">Ofertes \u00faniques, revisades i garantides<\/a><\/p>\n<\/div>\n<\/div>\n<\/div><\/div>\n<\/div>\n\n\n\n<div class=\"wp-container-47 wp-block-column is-vertically-aligned-center\">\n<div class=\"wp-container-46 wp-block-group maquina-block\"><div class=\"wp-block-group__inner-container\">\n<div class=\"wp-container-45 wp-block-columns are-vertically-aligned-center\">\n<div class=\"wp-container-43 wp-block-column is-vertically-aligned-center\" style=\"flex-basis:35%\">\n<figure class=\"wp-block-image size-full\"><img loading=\"lazy\" width=\"500\" height=\"500\" src=\"https:\/\/welstat.com\/wp-content\/uploads\/2022\/01\/carpeteria-png.png\" alt=\"\" class=\"wp-image-2325\" srcset=\"https:\/\/welstat.com\/wp-content\/uploads\/2022\/01\/carpeteria-png.png 500w, https:\/\/welstat.com\/wp-content\/uploads\/2022\/01\/carpeteria-png-300x300.png 300w, https:\/\/welstat.com\/wp-content\/uploads\/2022\/01\/carpeteria-png-100x100.png 100w, https:\/\/welstat.com\/wp-content\/uploads\/2022\/01\/carpeteria-png-150x150.png 150w\" sizes=\"(max-width: 500px) 100vw, 500px\" \/><\/figure><\/div>\n\n\n\n<div class=\"wp-container-44 wp-block-column is-vertically-aligned-center text\">\n<p><a href=\"https:\/\/welstat.com\/ca\/maquines\/maquinaria-carpeteria\/\" data-type=\"page\"><strong>Maquin\u00e0ria<\/strong><\/a><br\/><a href=\"https:\/\/welstat.com\/ca\/maquines\/maquinaria-carpeteria\/\" data-type=\"page\"><strong>Carpeteter\u00eda<\/strong><\/a><\/p>\n\n\n\n<p class=\"has-small-font-size\"><a href=\"https:\/\/welstat.com\/ca\/maquines\/maquinaria-carpeteria\/\" data-type=\"page\">Distribu\u00efdors de CMC ITALIA <\/a><\/p>\n<\/div>\n<\/div>\n<\/div><\/div>\n<\/div>\n<\/div>\n","protected":false},"excerpt":{"rendered":"<p>Maquinaria Carpeter\u00eda Som orgullosos distribu\u00efdors de la prestigiosa marca CMC It\u00e0lia\u00ae, amb m\u00e9s de 75 anys [&hellip;]<\/p>\n","protected":false},"author":1,"featured_media":0,"parent":2397,"menu_order":0,"comment_status":"closed","ping_status":"closed","template":"","meta":[],"_links":{"self":[{"href":"https:\/\/welstat.com\/ca\/wp-json\/wp\/v2\/pages\/2605"}],"collection":[{"href":"https:\/\/welstat.com\/ca\/wp-json\/wp\/v2\/pages"}],"about":[{"href":"https:\/\/welstat.com\/ca\/wp-json\/wp\/v2\/types\/page"}],"author":[{"embeddable":true,"href":"https:\/\/welstat.com\/ca\/wp-json\/wp\/v2\/users\/1"}],"replies":[{"embeddable":true,"href":"https:\/\/welstat.com\/ca\/wp-json\/wp\/v2\/comments?post=2605"}],"version-history":[{"count":1,"href":"https:\/\/welstat.com\/ca\/wp-json\/wp\/v2\/pages\/2605\/revisions"}],"predecessor-version":[{"id":2606,"href":"https:\/\/welstat.com\/ca\/wp-json\/wp\/v2\/pages\/2605\/revisions\/2606"}],"up":[{"embeddable":true,"href":"https:\/\/welstat.com\/ca\/wp-json\/wp\/v2\/pages\/2397"}],"wp:attachment":[{"href":"https:\/\/welstat.com\/ca\/wp-json\/wp\/v2\/media?parent=2605"}],"curies":[{"name":"wp","href":"https:\/\/api.w.org\/{rel}","templated":true}]}}