{"id":2749,"date":"2022-04-06T07:45:02","date_gmt":"2022-04-06T05:45:02","guid":{"rendered":"https:\/\/welstat.com\/producto\/antlia\/"},"modified":"2022-04-06T07:45:02","modified_gmt":"2022-04-06T05:45:02","slug":"antlia","status":"publish","type":"product","link":"https:\/\/welstat.com\/ca\/producto\/antlia\/","title":{"rendered":"Antlia"},"content":{"rendered":"<p>Encoladora de vores per a encolat de vores sobre paper,<br \/>\ncart\u00f3, pl\u00e0stic, fusta etc. Caracter\u00edstiques:<\/p>\n<ul>\n<li>Empra qualsevol tipus de cola freda de base d&#8217;aigua<\/li>\n<li>Bol de dosatge amb regulaci\u00f3 microm\u00e8trica<\/li>\n<li>Esquadres de profunditat sobre les taules d&#8217;entrada i de sortida<\/li>\n<li>Gruix fins a 5 mm<\/li>\n<\/ul>\n<p>&nbsp;<\/p>\n<ul>\n<li>Neteja r\u00e0pida<\/li>\n<li>Llarga durada garantida per l&#8217;\u00fas de materials inoxidables<\/li>\n<li>Encolat sobre la part superior del paper: treball r\u00e0pid i prec\u00eds<\/li>\n<\/ul>\n<p>&nbsp;<\/p>\n<p>&nbsp;<\/p>\n\r\n<div class=\"wp-container-1 wp-block-buttons is-content-justification-center\">&#13;\n<div class=\"wp-block-button\">\u00a0<\/div>&#13;\n\r\n\r\n&#13;\n<div class=\"wp-block-button\"><a class=\"wp-block-button__link\" href=\"https:\/\/welstat.com\/contacte\/\" target=\"_blank\" rel=\"noreferrer noopener\">Contacte<\/a><\/div>&#13;\n<\/div>\r\n<p>&nbsp;<\/p>","protected":false},"excerpt":{"rendered":"<p>Encoladora de vores per a encolat de vores sobre paper, cart\u00f3, pl\u00e0stic, fusta etc. Caracter\u00edstiques: Empra [&hellip;]<\/p>\n","protected":false},"featured_media":2375,"comment_status":"open","ping_status":"closed","template":"","meta":[],"product_cat":[85],"product_tag":[],"_links":{"self":[{"href":"https:\/\/welstat.com\/ca\/wp-json\/wp\/v2\/product\/2749"}],"collection":[{"href":"https:\/\/welstat.com\/ca\/wp-json\/wp\/v2\/product"}],"about":[{"href":"https:\/\/welstat.com\/ca\/wp-json\/wp\/v2\/types\/product"}],"replies":[{"embeddable":true,"href":"https:\/\/welstat.com\/ca\/wp-json\/wp\/v2\/comments?post=2749"}],"wp:featuredmedia":[{"embeddable":true,"href":"https:\/\/welstat.com\/ca\/wp-json\/wp\/v2\/media\/2375"}],"wp:attachment":[{"href":"https:\/\/welstat.com\/ca\/wp-json\/wp\/v2\/media?parent=2749"}],"wp:term":[{"taxonomy":"product_cat","embeddable":true,"href":"https:\/\/welstat.com\/ca\/wp-json\/wp\/v2\/product_cat?post=2749"},{"taxonomy":"product_tag","embeddable":true,"href":"https:\/\/welstat.com\/ca\/wp-json\/wp\/v2\/product_tag?post=2749"}],"curies":[{"name":"wp","href":"https:\/\/api.w.org\/{rel}","templated":true}]}}