{"id":2750,"date":"2022-04-06T07:54:27","date_gmt":"2022-04-06T05:54:27","guid":{"rendered":"https:\/\/welstat.com\/producto\/premsa-manual-m-press\/"},"modified":"2022-04-06T07:54:27","modified_gmt":"2022-04-06T05:54:27","slug":"premsa-manual-m-press","status":"publish","type":"product","link":"https:\/\/welstat.com\/ca\/producto\/premsa-manual-m-press\/","title":{"rendered":"Premsa Manual M-Press"},"content":{"rendered":"<p>Premsa manual per a enquadernaci\u00f3, pr\u00e0ctica i vers\u00e0til, ideal per a encaixonar llibres i agendes:<\/p>\n<ul>\n<li>Volant d&#8217;altura fixa per a la pressi\u00f3<\/li>\n<li>Estructura en fosa i acer<\/li>\n<li>Pr\u00e0ctica i vers\u00e0til<\/li>\n<li>M\u00e0xima pressi\u00f3 amb el m\u00ednim esfor\u00e7 <\/li>\n<\/ul>\n\r\n<div class=\"wp-container-1 wp-block-buttons is-content-justification-center\">&#13;\n<div class=\"wp-block-button\">\u00a0<\/div>&#13;\n\r\n\r\n&#13;\n<div class=\"wp-block-button\"><a class=\"wp-block-button__link\" href=\"https:\/\/welstat.com\/ca\/contacte\/\" target=\"_blank\" rel=\"noreferrer noopener\">Contacte<\/a><\/div>&#13;\n<\/div>\r\n<p>&nbsp;<\/p>","protected":false},"excerpt":{"rendered":"<p>Premsa manual per a enquadernaci\u00f3, pr\u00e0ctica i vers\u00e0til, ideal per a encaixonar llibres i agendes: Volant [&hellip;]<\/p>\n","protected":false},"featured_media":2363,"comment_status":"open","ping_status":"closed","template":"","meta":[],"product_cat":[85],"product_tag":[],"_links":{"self":[{"href":"https:\/\/welstat.com\/ca\/wp-json\/wp\/v2\/product\/2750"}],"collection":[{"href":"https:\/\/welstat.com\/ca\/wp-json\/wp\/v2\/product"}],"about":[{"href":"https:\/\/welstat.com\/ca\/wp-json\/wp\/v2\/types\/product"}],"replies":[{"embeddable":true,"href":"https:\/\/welstat.com\/ca\/wp-json\/wp\/v2\/comments?post=2750"}],"wp:featuredmedia":[{"embeddable":true,"href":"https:\/\/welstat.com\/ca\/wp-json\/wp\/v2\/media\/2363"}],"wp:attachment":[{"href":"https:\/\/welstat.com\/ca\/wp-json\/wp\/v2\/media?parent=2750"}],"wp:term":[{"taxonomy":"product_cat","embeddable":true,"href":"https:\/\/welstat.com\/ca\/wp-json\/wp\/v2\/product_cat?post=2750"},{"taxonomy":"product_tag","embeddable":true,"href":"https:\/\/welstat.com\/ca\/wp-json\/wp\/v2\/product_tag?post=2750"}],"curies":[{"name":"wp","href":"https:\/\/api.w.org\/{rel}","templated":true}]}}