{"id":2754,"date":"2022-02-01T15:46:15","date_gmt":"2022-04-06T06:56:04","guid":{"rendered":"https:\/\/welstat.com\/producto\/encoladora-lynx-125bc\/"},"modified":"2022-04-06T08:56:04","modified_gmt":"2022-04-06T06:56:04","slug":"encoladora-lynx-125bc","status":"publish","type":"product","link":"https:\/\/welstat.com\/ca\/producto\/encoladora-lynx-125bc\/","title":{"rendered":"Encoladora Lynx 125BC"},"content":{"rendered":"<p>Encoladora per a cola freda o calenta, per a paper, teixit, tela, *balacron, PVC etc. Caracter\u00edstiques:<\/p>\n<ul>\n<li>Versi\u00f3 amb base i d&#8217;ample aprofitable de corr\u00f3 de *110cm, ideal per a gran format o treball doble.<\/li>\n<li>Escalfament de la cua per resist\u00e8ncia amb term\u00f2stat de regulaci\u00f3<\/li>\n<li>Dos corrons encoladors: perfecte dosatge de la cola<\/li>\n<li>Vers\u00e0til i precisa<\/li>\n<li>Adaptable a qualsevol exig\u00e8ncia de producci\u00f3<\/li>\n<li>El vast \u00fas d&#8217;acer inoxidable garanteix llarga durada i f\u00e0cil manteniment<\/li>\n<\/ul>\n\r\n<div class=\"wp-container-1 wp-block-buttons is-content-justification-center\">&#13;\n<div class=\"wp-block-button\">\u00a0<\/div>&#13;\n\r\n\r\n&#13;\n<div class=\"wp-block-button\"><a class=\"wp-block-button__link\" href=\"https:\/\/welstat.com\/ca\/contacte\/\" target=\"_blank\" rel=\"noreferrer noopener\">Contacte<\/a><\/div>&#13;\n<\/div>","protected":false},"excerpt":{"rendered":"<p>Encoladora per a cola freda o calenta, per a paper, teixit, tela, *balacron, PVC etc. Caracter\u00edstiques: [&hellip;]<\/p>\n","protected":false},"featured_media":2329,"comment_status":"open","ping_status":"closed","template":"","meta":[],"product_cat":[85,56],"product_tag":[],"_links":{"self":[{"href":"https:\/\/welstat.com\/ca\/wp-json\/wp\/v2\/product\/2754"}],"collection":[{"href":"https:\/\/welstat.com\/ca\/wp-json\/wp\/v2\/product"}],"about":[{"href":"https:\/\/welstat.com\/ca\/wp-json\/wp\/v2\/types\/product"}],"replies":[{"embeddable":true,"href":"https:\/\/welstat.com\/ca\/wp-json\/wp\/v2\/comments?post=2754"}],"wp:featuredmedia":[{"embeddable":true,"href":"https:\/\/welstat.com\/ca\/wp-json\/wp\/v2\/media\/2329"}],"wp:attachment":[{"href":"https:\/\/welstat.com\/ca\/wp-json\/wp\/v2\/media?parent=2754"}],"wp:term":[{"taxonomy":"product_cat","embeddable":true,"href":"https:\/\/welstat.com\/ca\/wp-json\/wp\/v2\/product_cat?post=2754"},{"taxonomy":"product_tag","embeddable":true,"href":"https:\/\/welstat.com\/ca\/wp-json\/wp\/v2\/product_tag?post=2754"}],"curies":[{"name":"wp","href":"https:\/\/api.w.org\/{rel}","templated":true}]}}